{"id":1242,"date":"2021-03-16T13:32:25","date_gmt":"2021-03-16T13:32:25","guid":{"rendered":"https:\/\/cellermpages.com\/points-of-sale\/"},"modified":"2024-10-19T08:42:28","modified_gmt":"2024-10-19T08:42:28","slug":"points-of-sale","status":"publish","type":"page","link":"https:\/\/cellermpages.com\/en\/points-of-sale\/","title":{"rendered":"Points of Sale"},"content":{"rendered":"<h2>Shops on you can find the wines for sale.<\/h2>\n<h3>Figueres<\/h3>\n<p><strong>\u00bb FRICASH<\/strong><br \/>\nCrt. de Roses s\/n<br \/>\n17600 Figueres<br \/>\nTel. 972 501 101<br \/>\n<a href=\"http:\/\/www.masiaemporda.com\/\" target=\"_blank\" rel=\"noopener\">www.masiaemporda.com<\/a><\/p>\n<h3>Vilafant<\/h3>\n<p><strong>\u00bb QUATRE VENTS, fruites i verdures<\/strong><br \/>\nC\/ Comer\u00e7, 54<br \/>\n17740 Vilafant<br \/>\nTel. 972 730 767<\/p>\n<h3>Girona<\/h3>\n<p><strong>\u00bbCELLER D&#8217;EN XIQUI<\/strong><br \/>\nPl. de Sant Pere, 2<br \/>\n17007 Girona<br \/>\nTel. 872 266 967<br \/>\n<a href=\"https:\/\/elcellerdenxiqui.cat\/\" target=\"_blank\" rel=\"noopener\">www.elcellerdenxiqui.cat<\/a><\/p>\n<p><strong>\u00bb EL PETIT PARADIS<\/strong><br \/>\nTravessia Carril, 1<br \/>\n17001 Girona<br \/>\nTel. 972 215 925<br \/>\n<a href=\"http:\/\/elpetitparadis.cat\/\" target=\"_blank\" rel=\"noopener\">www.elpetitparadis.cat<\/a><\/p>\n<p><strong>\u00bb BODEGA LA VINYA<\/strong><br \/>\n17600 Santa Eug\u00e8nia (Girona)<\/p>\n<h3>Palau Saverdera<\/h3>\n<p><strong>\u00bb COOPERATIVA AGR\u00cdCOLA<\/strong><br \/>\nC\/ Rall, 0 S N<br \/>\n17495 Palau-saverdera<br \/>\nTelf. 972 530 020<\/p>\n<h3>Llan\u00e7\u00e0<\/h3>\n<p><strong>\u00bb LLAN\u00c7\u00c0 VINS I CER\u00c0MIQUES<\/strong><br \/>\nC\/ Rafael Estela 5<br \/>\n17490 Llan\u00e7\u00e0<br \/>\nTelf. 972 380 346<\/p>\n<p><strong>\u00bbCELLER MARIA POZA<\/strong><br \/>\nC \/ Rafael Estela, 11<br \/>\n17490 Llan\u00e7\u00e0<\/p>\n<h3>Palam\u00f3s<\/h3>\n<p><strong>\u00bbROTLLAN<\/strong><br \/>\nC \/ Major<br \/>\n17230 Palam\u00f3s<br \/>\nTelf. 972 314 125<\/p>\n<h3>Llagostera<\/h3>\n<p><strong>\u00bbCELLER DE LES GABARRES<\/strong><br \/>\nC \/ Jaume I, 7<br \/>\n17240 Llagostera<br \/>\nTel. 972 805 205<\/p>\n<h3>Vidreres<\/h3>\n<p><strong>\u00bbSUPERMERCAT BATALL\u00c9<\/strong><br \/>\nC \/ Pau Casals, 13<br \/>\n17411 Vidreres<br \/>\nTel. 972 850 011<\/p>\n<p><a href=\"https:\/\/www.supermercatbatalle.com\/es\/\">www.supermercatbatalle.com<\/a><\/p>\n<h3>Barcelona<\/h3>\n<p><strong>\u00bbA PES<\/strong><br \/>\nC \/ Ind\u00fastria, 300<br \/>\n08026 Barcelona<br \/>\nTelf. 933 478 947<br \/>\n<a href=\"http:\/\/www.a-pes.cat\" target=\"_blank\" rel=\"noopener\">www.a-pes.cat<\/a><\/p>\n<p><strong>\u00bbSECRETS DE L&#8217;EMPORD\u00c0<\/strong><br \/>\nC \/ Bruc, 126 local 4 bis<br \/>\n08037 Barcelona<br \/>\nTelf. 619 581 160<br \/>\n<a href=\"https:\/\/www.secretsdelemporda.cat\/\" target=\"_blank\" rel=\"noopener\">www.secretsdelemporda.cat<\/a><\/p>\n<h3>Altres<\/h3>\n<p><strong>\u00bbVINS I LICORS GRAU<\/strong><br \/>\nC \/ De Torroella, 163<br \/>\n17200 Palafrugell<br \/>\nTelf. 972 301 835<br \/>\n<a href=\"http:\/\/www.grauonline.es\/\" target=\"_blank\" rel=\"noopener\">www.grauonline.com<\/a><\/p>\n<p><strong>\u00bbWINE PALACE ESTABLISHMENTS<\/strong><br \/>\n<a href=\"https:\/\/www.winepalace.es\/es\/inicio\" target=\"_blank\" rel=\"noopener\">www.winepalace.es<\/a><\/p>\n","protected":false},"excerpt":{"rendered":"<p>Stores specializing in the sale of wines and spirits. <\/p>\n","protected":false},"author":1,"featured_media":1068,"parent":0,"menu_order":0,"comment_status":"closed","ping_status":"closed","template":"","meta":{"footnotes":""},"class_list":["post-1242","page","type-page","status-publish","has-post-thumbnail","hentry"],"_links":{"self":[{"href":"https:\/\/cellermpages.com\/en\/wp-json\/wp\/v2\/pages\/1242","targetHints":{"allow":["GET"]}}],"collection":[{"href":"https:\/\/cellermpages.com\/en\/wp-json\/wp\/v2\/pages"}],"about":[{"href":"https:\/\/cellermpages.com\/en\/wp-json\/wp\/v2\/types\/page"}],"author":[{"embeddable":true,"href":"https:\/\/cellermpages.com\/en\/wp-json\/wp\/v2\/users\/1"}],"replies":[{"embeddable":true,"href":"https:\/\/cellermpages.com\/en\/wp-json\/wp\/v2\/comments?post=1242"}],"version-history":[{"count":0,"href":"https:\/\/cellermpages.com\/en\/wp-json\/wp\/v2\/pages\/1242\/revisions"}],"wp:featuredmedia":[{"embeddable":true,"href":"https:\/\/cellermpages.com\/en\/wp-json\/wp\/v2\/media\/1068"}],"wp:attachment":[{"href":"https:\/\/cellermpages.com\/en\/wp-json\/wp\/v2\/media?parent=1242"}],"curies":[{"name":"wp","href":"https:\/\/api.w.org\/{rel}","templated":true}]}}