{"id":1172,"date":"2021-02-25T15:03:40","date_gmt":"2021-02-25T15:03:40","guid":{"rendered":"https:\/\/cellermpages.com\/producte\/maria-pages-moscat-demporda\/"},"modified":"2026-03-02T10:49:50","modified_gmt":"2026-03-02T10:49:50","slug":"maria-pages-moscat-demporda","status":"publish","type":"product","link":"https:\/\/cellermpages.com\/en\/producte\/maria-pages-moscat-demporda\/","title":{"rendered":"Mari\u00e0 Pag\u00e8s Moscat d&#8217;Empord\u00e0"},"content":{"rendered":"<p>&nbsp;<\/p>\n<table class=\"table table-hover\">\n<tbody>\n<tr>\n<th>Varieties<\/th>\n<td>Muscat Alexandria<\/td>\n<\/tr>\n<tr>\n<th>Alcohol content<\/th>\n<td>15&#8217;5% Vol.<\/td>\n<\/tr>\n<tr>\n<th>Tasting notes<\/th>\n<td>Bright straw colour. Bouquet of frosted fruit and liqueur-soaked fruit with honey notes. Tasty, sweet, full-bodied, deep palate.<\/td>\n<\/tr>\n<\/tbody>\n<\/table>\n<p><img decoding=\"async\" class=\"alignnone wp-image-897 size-full\" src=\"https:\/\/cellermpages.com\/wp-content\/uploads\/2021\/02\/icon_queso.png\" alt=\"\" width=\"40\" height=\"40\" \/> <img decoding=\"async\" class=\"alignnone wp-image-876 size-full\" src=\"https:\/\/cellermpages.com\/wp-content\/uploads\/2021\/02\/icon_pates.png\" alt=\"\" width=\"40\" height=\"40\" \/> <img decoding=\"async\" class=\"alignnone wp-image-918 size-full\" src=\"https:\/\/cellermpages.com\/wp-content\/uploads\/2021\/02\/icon_postres.png\" alt=\"\" width=\"40\" height=\"40\" \/><\/p>\n","protected":false},"excerpt":{"rendered":"<p>&nbsp; Varieties Muscat Alexandria Alcohol content 15&#8217;5% Vol. Tasting notes Bright straw colour. Bouquet of frosted fruit and liqueur-soaked fruit with honey notes. Tasty, sweet,&hellip;<\/p>\n","protected":false},"featured_media":927,"comment_status":"open","ping_status":"closed","template":"","meta":[],"product_brand":[],"product_cat":[62],"product_tag":[80],"class_list":{"0":"post-1172","1":"product","2":"type-product","3":"status-publish","4":"has-post-thumbnail","6":"product_cat-sweet-wines","7":"product_tag-sweet-wine","9":"first","10":"instock","11":"featured","12":"shipping-taxable","13":"product-type-simple","14":"customify-col"},"_links":{"self":[{"href":"https:\/\/cellermpages.com\/en\/wp-json\/wp\/v2\/product\/1172","targetHints":{"allow":["GET"]}}],"collection":[{"href":"https:\/\/cellermpages.com\/en\/wp-json\/wp\/v2\/product"}],"about":[{"href":"https:\/\/cellermpages.com\/en\/wp-json\/wp\/v2\/types\/product"}],"replies":[{"embeddable":true,"href":"https:\/\/cellermpages.com\/en\/wp-json\/wp\/v2\/comments?post=1172"}],"wp:featuredmedia":[{"embeddable":true,"href":"https:\/\/cellermpages.com\/en\/wp-json\/wp\/v2\/media\/927"}],"wp:attachment":[{"href":"https:\/\/cellermpages.com\/en\/wp-json\/wp\/v2\/media?parent=1172"}],"wp:term":[{"taxonomy":"product_brand","embeddable":true,"href":"https:\/\/cellermpages.com\/en\/wp-json\/wp\/v2\/product_brand?post=1172"},{"taxonomy":"product_cat","embeddable":true,"href":"https:\/\/cellermpages.com\/en\/wp-json\/wp\/v2\/product_cat?post=1172"},{"taxonomy":"product_tag","embeddable":true,"href":"https:\/\/cellermpages.com\/en\/wp-json\/wp\/v2\/product_tag?post=1172"}],"curies":[{"name":"wp","href":"https:\/\/api.w.org\/{rel}","templated":true}]}}