{"id":1173,"date":"2021-02-25T15:01:18","date_gmt":"2021-03-16T12:23:05","guid":{"rendered":"https:\/\/cellermpages.com\/producte\/garnatxa-solera-maria-pages\/"},"modified":"2021-05-17T11:30:16","modified_gmt":"2021-05-17T11:30:16","slug":"garnatxa-solera-maria-pages","status":"publish","type":"product","link":"https:\/\/cellermpages.com\/en\/producte\/garnatxa-solera-maria-pages\/","title":{"rendered":"Garnatxa Solera l&#8217;\u00c0vi Mari\u00e0 Pag\u00e8s"},"content":{"rendered":"<p><strong>&#8211; <span style=\"color: #800000;\">Guia de Vinos Gourmets 2019<\/span>: 95 punts<br \/>\n<\/strong><strong>&#8211; <span style=\"color: #800000;\">Premios Akatavino Civas 2019<\/span>: 94 punts i medalla Civas d&#8217;or.<br \/>\n<\/strong><strong>&#8211; <span style=\"color: #800000;\">Guia Pe\u00f1in 2020<\/span>: 93 punts.<br \/>\n<\/strong><strong>&#8211; <span style=\"color: #800000;\">GUIA GOURMETS 2020<\/span>: 90 punts.<\/strong><\/p>\n<table class=\"table table-hover\">\n<tbody>\n<tr>\n<th>Varieties<\/th>\n<td>50% Grenache noir and 50% Grenache white<\/td>\n<\/tr>\n<tr>\n<th>Alcohol content<\/th>\n<td>15&#8217;5% Vol.<\/td>\n<\/tr>\n<tr>\n<th>Tasting notes<\/th>\n<td>Light mahogany colour. Bouquet of frosted fruit, toasted almonds, sweet spices, toasted caramel and varnish. Tasty, sweet, full-bodied palate.<\/td>\n<\/tr>\n<\/tbody>\n<\/table>\n<p><img decoding=\"async\" class=\"alignnone wp-image-897 size-full\" src=\"https:\/\/cellermpages.com\/wp-content\/uploads\/2021\/02\/icon_queso.png\" alt=\"\" width=\"40\" height=\"40\" \/> <img decoding=\"async\" class=\"alignnone wp-image-876 size-full\" src=\"https:\/\/cellermpages.com\/wp-content\/uploads\/2021\/02\/icon_pates.png\" alt=\"\" width=\"40\" height=\"40\" \/> <img decoding=\"async\" class=\"alignnone wp-image-918 size-full\" src=\"https:\/\/cellermpages.com\/wp-content\/uploads\/2021\/02\/icon_postres.png\" alt=\"\" width=\"40\" height=\"40\" \/><\/p>\n","protected":false},"excerpt":{"rendered":"<p>Solera of 21 years in to the barrel. 95 punts a la Guia de Vinos Gourmets 2019.<\/p>\n","protected":false},"featured_media":924,"comment_status":"open","ping_status":"closed","template":"","meta":[],"product_brand":[],"product_cat":[62],"product_tag":[80],"class_list":{"0":"post-1173","1":"product","2":"type-product","3":"status-publish","4":"has-post-thumbnail","6":"product_cat-sweet-wines","7":"product_tag-sweet-wine","9":"first","10":"instock","11":"featured","12":"shipping-taxable","13":"product-type-simple","14":"customify-col"},"_links":{"self":[{"href":"https:\/\/cellermpages.com\/en\/wp-json\/wp\/v2\/product\/1173","targetHints":{"allow":["GET"]}}],"collection":[{"href":"https:\/\/cellermpages.com\/en\/wp-json\/wp\/v2\/product"}],"about":[{"href":"https:\/\/cellermpages.com\/en\/wp-json\/wp\/v2\/types\/product"}],"replies":[{"embeddable":true,"href":"https:\/\/cellermpages.com\/en\/wp-json\/wp\/v2\/comments?post=1173"}],"wp:featuredmedia":[{"embeddable":true,"href":"https:\/\/cellermpages.com\/en\/wp-json\/wp\/v2\/media\/924"}],"wp:attachment":[{"href":"https:\/\/cellermpages.com\/en\/wp-json\/wp\/v2\/media?parent=1173"}],"wp:term":[{"taxonomy":"product_brand","embeddable":true,"href":"https:\/\/cellermpages.com\/en\/wp-json\/wp\/v2\/product_brand?post=1173"},{"taxonomy":"product_cat","embeddable":true,"href":"https:\/\/cellermpages.com\/en\/wp-json\/wp\/v2\/product_cat?post=1173"},{"taxonomy":"product_tag","embeddable":true,"href":"https:\/\/cellermpages.com\/en\/wp-json\/wp\/v2\/product_tag?post=1173"}],"curies":[{"name":"wp","href":"https:\/\/api.w.org\/{rel}","templated":true}]}}