{"id":1840,"date":"2021-06-21T15:43:48","date_gmt":"2021-06-21T15:43:48","guid":{"rendered":"https:\/\/cellermpages.com\/producte\/mar-de-lluna-blanc\/"},"modified":"2026-03-02T10:47:38","modified_gmt":"2026-03-02T10:47:38","slug":"mar-de-lluna-blanc","status":"publish","type":"product","link":"https:\/\/cellermpages.com\/en\/producte\/mar-de-lluna-blanc\/","title":{"rendered":"Mar de Lluna blanc"},"content":{"rendered":"<p>&nbsp;<\/p>\n<table class=\"table table-hover\">\n<tbody>\n<tr>\n<th>Varieties<\/th>\n<td>\u00a0Garnatxa blanca i Moscatell d&#8217;Alexandria<\/td>\n<\/tr>\n<tr>\n<th>Degrees<\/th>\n<td>13% Vol.<\/td>\n<\/tr>\n<tr>\n<th>Temperature<\/th>\n<td>Best served at a temperature between 6 and 8\u00baC<\/td>\n<\/tr>\n<tr>\n<th>Cata<\/th>\n<td>Color palla. Aroma caracter\u00edstic del Moscatell de flor blanca, mineral, c\u00edtric. Vi elegant amb una bona acidesa, equilibrat, untu\u00f3s amb una llarga pres\u00e8ncia.<\/td>\n<\/tr>\n<\/tbody>\n<\/table>\n<p><img decoding=\"async\" class=\"alignnone wp-image-878 size-full\" src=\"https:\/\/cellermpages.com\/wp-content\/uploads\/2021\/02\/icon_pates.png\" alt=\"\" width=\"40\" height=\"40\" \/> <img decoding=\"async\" class=\"alignnone wp-image-872 size-full\" src=\"https:\/\/cellermpages.com\/wp-content\/uploads\/2021\/02\/icon_ave.png\" alt=\"\" width=\"40\" height=\"40\" \/> <img decoding=\"async\" class=\"alignnone wp-image-875 size-full\" src=\"https:\/\/cellermpages.com\/wp-content\/uploads\/2021\/02\/icon_carne.png\" alt=\"\" width=\"40\" height=\"40\" \/> <img loading=\"lazy\" decoding=\"async\" class=\"alignnone wp-image-869 size-full\" src=\"https:\/\/cellermpages.com\/wp-content\/uploads\/2021\/02\/icon_arroz.png\" alt=\"\" width=\"40\" height=\"40\" \/><\/p>\n","protected":false},"excerpt":{"rendered":"<p>Vi blanc jove de l&#8217;anyada 2025<\/p>\n","protected":false},"featured_media":1831,"comment_status":"open","ping_status":"closed","template":"","meta":[],"product_brand":[],"product_cat":[61],"product_tag":[77],"class_list":{"0":"post-1840","1":"product","2":"type-product","3":"status-publish","4":"has-post-thumbnail","6":"product_cat-young-wines","7":"product_tag-white-wine","9":"first","10":"instock","11":"shipping-taxable","12":"product-type-simple","13":"customify-col"},"_links":{"self":[{"href":"https:\/\/cellermpages.com\/en\/wp-json\/wp\/v2\/product\/1840","targetHints":{"allow":["GET"]}}],"collection":[{"href":"https:\/\/cellermpages.com\/en\/wp-json\/wp\/v2\/product"}],"about":[{"href":"https:\/\/cellermpages.com\/en\/wp-json\/wp\/v2\/types\/product"}],"replies":[{"embeddable":true,"href":"https:\/\/cellermpages.com\/en\/wp-json\/wp\/v2\/comments?post=1840"}],"wp:featuredmedia":[{"embeddable":true,"href":"https:\/\/cellermpages.com\/en\/wp-json\/wp\/v2\/media\/1831"}],"wp:attachment":[{"href":"https:\/\/cellermpages.com\/en\/wp-json\/wp\/v2\/media?parent=1840"}],"wp:term":[{"taxonomy":"product_brand","embeddable":true,"href":"https:\/\/cellermpages.com\/en\/wp-json\/wp\/v2\/product_brand?post=1840"},{"taxonomy":"product_cat","embeddable":true,"href":"https:\/\/cellermpages.com\/en\/wp-json\/wp\/v2\/product_cat?post=1840"},{"taxonomy":"product_tag","embeddable":true,"href":"https:\/\/cellermpages.com\/en\/wp-json\/wp\/v2\/product_tag?post=1840"}],"curies":[{"name":"wp","href":"https:\/\/api.w.org\/{rel}","templated":true}]}}