{"id":1185,"date":"2021-03-16T13:07:58","date_gmt":"2021-03-16T13:07:58","guid":{"rendered":"https:\/\/cellermpages.com\/el-entorno\/"},"modified":"2021-03-16T13:08:03","modified_gmt":"2021-03-16T13:08:03","slug":"el-entorno","status":"publish","type":"page","link":"https:\/\/cellermpages.com\/es\/el-entorno\/","title":{"rendered":"El Entorno"},"content":{"rendered":"\t\t<div data-elementor-type=\"wp-page\" data-elementor-id=\"1185\" class=\"elementor elementor-1185 elementor-264\">\n\t\t\t\t\t\t<section class=\"elementor-section elementor-top-section elementor-element elementor-element-117ba97e elementor-section-boxed elementor-section-height-default elementor-section-height-default\" data-id=\"117ba97e\" data-element_type=\"section\">\n\t\t\t\t\t\t<div class=\"elementor-container elementor-column-gap-default\">\n\t\t\t\t\t<div class=\"elementor-column elementor-col-50 elementor-top-column elementor-element elementor-element-70fe2c61\" data-id=\"70fe2c61\" data-element_type=\"column\">\n\t\t\t<div class=\"elementor-widget-wrap elementor-element-populated\">\n\t\t\t\t\t\t<div class=\"elementor-element elementor-element-6271b215 elementor-widget elementor-widget-heading\" data-id=\"6271b215\" data-element_type=\"widget\" data-widget_type=\"heading.default\">\n\t\t\t\t<div class=\"elementor-widget-container\">\n\t\t\t\t\t<h2 class=\"elementor-heading-title elementor-size-default\">Vi\u00f1edos en el coraz\u00f3n de la Albera\n<\/h2>\t\t\t\t<\/div>\n\t\t\t\t<\/div>\n\t\t\t\t<div class=\"elementor-element elementor-element-7737a848 elementor-widget elementor-widget-heading\" data-id=\"7737a848\" data-element_type=\"widget\" data-widget_type=\"heading.default\">\n\t\t\t\t<div class=\"elementor-widget-container\">\n\t\t\t\t\t<h2 class=\"elementor-heading-title elementor-size-default\">\nVariedades aut\u00f3ctonas, un producto de proximidad\n<\/h2>\t\t\t\t<\/div>\n\t\t\t\t<\/div>\n\t\t\t\t<div class=\"elementor-element elementor-element-44e472d3 elementor-widget elementor-widget-text-editor\" data-id=\"44e472d3\" data-element_type=\"widget\" data-widget_type=\"text-editor.default\">\n\t\t\t\t<div class=\"elementor-widget-container\">\n\t\t\t\t\t\t\t\t\t<p>La Bodega se encuentra situado en <strong>Capmany<\/strong>, uno de los pueblos que forma parte del trazado de la ruta enotur\u00edstica \u00abEmpord\u00e0 Camins de vins\u00bb. Situado a los pies de la <strong>la Albera<\/strong> formando parte de este trazo entre mar y monta\u00f1a. Muros y caba\u00f1as de piedra seca nos acompa\u00f1a a lo largo del paisaje rural propio de las tierras.<\/p>\n<p>En el Empord\u00e0 hay una serie de factores id\u00f3neos que nos favorecen a la producci\u00f3n vin\u00edcola y vinos con car\u00e1cter. El <strong>clima<\/strong>, con la Tramontana, el fuerte viento de Norte que puede llegar a soplar 120 km \/ h, favoreciendo un buen crecimiento de estas plantaciones, tiene unos efectos muy beneficiosos para el buen estado sanitario de la vi\u00f1a. <\/p>\n\t\t\t\t\t\t\t\t<\/div>\n\t\t\t\t<\/div>\n\t\t\t\t\t<\/div>\n\t\t<\/div>\n\t\t\t\t<div class=\"elementor-column elementor-col-50 elementor-top-column elementor-element elementor-element-2af372b8\" data-id=\"2af372b8\" data-element_type=\"column\">\n\t\t\t<div class=\"elementor-widget-wrap elementor-element-populated\">\n\t\t\t\t\t\t<div class=\"elementor-element elementor-element-125ab9f1 elementor-widget elementor-widget-image\" data-id=\"125ab9f1\" data-element_type=\"widget\" data-widget_type=\"image.default\">\n\t\t\t\t<div class=\"elementor-widget-container\">\n\t\t\t\t\t\t\t\t\t\t\t\t\t\t\t<img fetchpriority=\"high\" decoding=\"async\" width=\"450\" height=\"299\" src=\"https:\/\/cellermpages.com\/wp-content\/uploads\/2021\/02\/vinyes_tramuntana.jpg\" class=\"attachment-full size-full wp-image-983\" alt=\"Vi\u00f1edos en el coraz\u00f3n de la Albera\" \/>\t\t\t\t\t\t\t\t\t\t\t\t\t\t\t<\/div>\n\t\t\t\t<\/div>\n\t\t\t\t\t<\/div>\n\t\t<\/div>\n\t\t\t\t\t<\/div>\n\t\t<\/section>\n\t\t\t\t<section class=\"elementor-section elementor-top-section elementor-element elementor-element-f43bbd1 elementor-section-boxed elementor-section-height-default elementor-section-height-default\" data-id=\"f43bbd1\" data-element_type=\"section\">\n\t\t\t\t\t\t<div class=\"elementor-container elementor-column-gap-default\">\n\t\t\t\t\t<div class=\"elementor-column elementor-col-100 elementor-top-column elementor-element elementor-element-223b5a62\" data-id=\"223b5a62\" data-element_type=\"column\">\n\t\t\t<div class=\"elementor-widget-wrap elementor-element-populated\">\n\t\t\t\t\t\t<div class=\"elementor-element elementor-element-714315f elementor-widget elementor-widget-text-editor\" data-id=\"714315f\" data-element_type=\"widget\" data-widget_type=\"text-editor.default\">\n\t\t\t\t<div class=\"elementor-widget-container\">\n\t\t\t\t\t\t\t\t\t<p>Por otro lado, la temperatura, los inviernos son suaves con pocas heladas y los veranos calurosos, templados por las brisas marinas. El suelo de los vi\u00f1edos son gran\u00edticos compuestos de pizarra.<\/p>\n<p>Las parcelas de vi\u00f1edos, perteneciente a la finca <em>Can Llibori<\/em>, con m\u00e1s de 30 a\u00f1os de edad, extendi\u00e9ndose a lo largo de 12 hect\u00e1reas, alrededor del pueblo ampurdan\u00e9s, mostr\u00e1ndonos parajes verdes y regalarnos tranquilidad.<\/p>\n<p>La calidad de la uva es lo m\u00e1s importante a la hora de elaborar un buen vino, por eso respetamos el m\u00e1ximo las vi\u00f1as con el m\u00ednimo uso de fungicidas y productos poco respetuosos. Es primordial el respeto a la naturaleza y la salud del consumidor.<\/p>\n<p>Se cultivan diferentes plantaciones a partir los m\u00e1s altos criterios de sostenibilidad. Uvas negras, a partir de las aut\u00f3ctonas Garnacha negra y Cari\u00f1ena, pero tambi\u00e9n, Cabernet Sauvignon, Merlot, Cabernet Franc y Tempranillo, as\u00ed como las blancas se encuentran Chardonnay blanco, Garnacha blanca y Moscatel.<\/p>\n\t\t\t\t\t\t\t\t<\/div>\n\t\t\t\t<\/div>\n\t\t\t\t\t<\/div>\n\t\t<\/div>\n\t\t\t\t\t<\/div>\n\t\t<\/section>\n\t\t\t\t<section class=\"elementor-section elementor-top-section elementor-element elementor-element-69799f89 elementor-section-boxed elementor-section-height-default elementor-section-height-default\" data-id=\"69799f89\" data-element_type=\"section\">\n\t\t\t\t\t\t<div class=\"elementor-container elementor-column-gap-default\">\n\t\t\t\t\t<div class=\"elementor-column elementor-col-100 elementor-top-column elementor-element elementor-element-353f2883\" data-id=\"353f2883\" data-element_type=\"column\">\n\t\t\t<div class=\"elementor-widget-wrap elementor-element-populated\">\n\t\t\t\t\t\t<div class=\"elementor-element elementor-element-679a5657 gallery-spacing-custom elementor-widget elementor-widget-image-gallery\" data-id=\"679a5657\" data-element_type=\"widget\" data-widget_type=\"image-gallery.default\">\n\t\t\t\t<div class=\"elementor-widget-container\">\n\t\t\t\t\t\t\t<div class=\"elementor-image-gallery\">\n\t\t\t<div id='gallery-1' class='gallery galleryid-1185 gallery-columns-3 gallery-size-full'><figure class='gallery-item'>\n\t\t\t<div class='gallery-icon landscape'>\n\t\t\t\t<a data-elementor-open-lightbox=\"yes\" data-elementor-lightbox-slideshow=\"679a5657\" data-elementor-lightbox-title=\"vinyes_capmany01\" data-e-action-hash=\"#elementor-action%3Aaction%3Dlightbox%26settings%3DeyJpZCI6MTA4NSwidXJsIjoiaHR0cHM6XC9cL2NlbGxlcm1wYWdlcy5jb21cL3dwLWNvbnRlbnRcL3VwbG9hZHNcLzIwMjFcLzAzXC92aW55ZXNfY2FwbWFueTAxLmpwZyIsInNsaWRlc2hvdyI6IjY3OWE1NjU3In0%3D\" href='https:\/\/cellermpages.com\/wp-content\/uploads\/2021\/03\/vinyes_capmany01.jpg'><img decoding=\"async\" width=\"500\" height=\"360\" src=\"https:\/\/cellermpages.com\/wp-content\/uploads\/2021\/03\/vinyes_capmany01.jpg\" class=\"attachment-full size-full\" alt=\"\" \/><\/a>\n\t\t\t<\/div><\/figure><figure class='gallery-item'>\n\t\t\t<div class='gallery-icon landscape'>\n\t\t\t\t<a data-elementor-open-lightbox=\"yes\" data-elementor-lightbox-slideshow=\"679a5657\" data-elementor-lightbox-title=\"vinyes_capmany02\" data-e-action-hash=\"#elementor-action%3Aaction%3Dlightbox%26settings%3DeyJpZCI6MTA4OCwidXJsIjoiaHR0cHM6XC9cL2NlbGxlcm1wYWdlcy5jb21cL3dwLWNvbnRlbnRcL3VwbG9hZHNcLzIwMjFcLzAzXC92aW55ZXNfY2FwbWFueTAyLmpwZyIsInNsaWRlc2hvdyI6IjY3OWE1NjU3In0%3D\" href='https:\/\/cellermpages.com\/wp-content\/uploads\/2021\/03\/vinyes_capmany02.jpg'><img decoding=\"async\" width=\"500\" height=\"360\" src=\"https:\/\/cellermpages.com\/wp-content\/uploads\/2021\/03\/vinyes_capmany02.jpg\" class=\"attachment-full size-full\" alt=\"\" \/><\/a>\n\t\t\t<\/div><\/figure><figure class='gallery-item'>\n\t\t\t<div class='gallery-icon landscape'>\n\t\t\t\t<a data-elementor-open-lightbox=\"yes\" data-elementor-lightbox-slideshow=\"679a5657\" data-elementor-lightbox-title=\"vinyes_capmany03\" data-e-action-hash=\"#elementor-action%3Aaction%3Dlightbox%26settings%3DeyJpZCI6MTA5MSwidXJsIjoiaHR0cHM6XC9cL2NlbGxlcm1wYWdlcy5jb21cL3dwLWNvbnRlbnRcL3VwbG9hZHNcLzIwMjFcLzAzXC92aW55ZXNfY2FwbWFueTAzLmpwZyIsInNsaWRlc2hvdyI6IjY3OWE1NjU3In0%3D\" href='https:\/\/cellermpages.com\/wp-content\/uploads\/2021\/03\/vinyes_capmany03.jpg'><img loading=\"lazy\" decoding=\"async\" width=\"500\" height=\"360\" src=\"https:\/\/cellermpages.com\/wp-content\/uploads\/2021\/03\/vinyes_capmany03.jpg\" class=\"attachment-full size-full\" alt=\"\" \/><\/a>\n\t\t\t<\/div><\/figure><figure class='gallery-item'>\n\t\t\t<div class='gallery-icon landscape'>\n\t\t\t\t<a data-elementor-open-lightbox=\"yes\" data-elementor-lightbox-slideshow=\"679a5657\" data-elementor-lightbox-title=\"vinyes_capmany04\" data-e-action-hash=\"#elementor-action%3Aaction%3Dlightbox%26settings%3DeyJpZCI6MTA5NCwidXJsIjoiaHR0cHM6XC9cL2NlbGxlcm1wYWdlcy5jb21cL3dwLWNvbnRlbnRcL3VwbG9hZHNcLzIwMjFcLzAzXC92aW55ZXNfY2FwbWFueTA0LmpwZyIsInNsaWRlc2hvdyI6IjY3OWE1NjU3In0%3D\" href='https:\/\/cellermpages.com\/wp-content\/uploads\/2021\/03\/vinyes_capmany04.jpg'><img loading=\"lazy\" decoding=\"async\" width=\"500\" height=\"360\" src=\"https:\/\/cellermpages.com\/wp-content\/uploads\/2021\/03\/vinyes_capmany04.jpg\" class=\"attachment-full size-full\" alt=\"\" \/><\/a>\n\t\t\t<\/div><\/figure><figure class='gallery-item'>\n\t\t\t<div class='gallery-icon landscape'>\n\t\t\t\t<a data-elementor-open-lightbox=\"yes\" data-elementor-lightbox-slideshow=\"679a5657\" data-elementor-lightbox-title=\"vinyes_capmany05\" data-e-action-hash=\"#elementor-action%3Aaction%3Dlightbox%26settings%3DeyJpZCI6MTA5NywidXJsIjoiaHR0cHM6XC9cL2NlbGxlcm1wYWdlcy5jb21cL3dwLWNvbnRlbnRcL3VwbG9hZHNcLzIwMjFcLzAzXC92aW55ZXNfY2FwbWFueTA1LmpwZyIsInNsaWRlc2hvdyI6IjY3OWE1NjU3In0%3D\" href='https:\/\/cellermpages.com\/wp-content\/uploads\/2021\/03\/vinyes_capmany05.jpg'><img loading=\"lazy\" decoding=\"async\" width=\"500\" height=\"360\" src=\"https:\/\/cellermpages.com\/wp-content\/uploads\/2021\/03\/vinyes_capmany05.jpg\" class=\"attachment-full size-full\" alt=\"\" \/><\/a>\n\t\t\t<\/div><\/figure><figure class='gallery-item'>\n\t\t\t<div class='gallery-icon landscape'>\n\t\t\t\t<a data-elementor-open-lightbox=\"yes\" data-elementor-lightbox-slideshow=\"679a5657\" data-elementor-lightbox-title=\"vinyes_capmany06\" data-e-action-hash=\"#elementor-action%3Aaction%3Dlightbox%26settings%3DeyJpZCI6MTEwMCwidXJsIjoiaHR0cHM6XC9cL2NlbGxlcm1wYWdlcy5jb21cL3dwLWNvbnRlbnRcL3VwbG9hZHNcLzIwMjFcLzAzXC92aW55ZXNfY2FwbWFueTA2LmpwZyIsInNsaWRlc2hvdyI6IjY3OWE1NjU3In0%3D\" href='https:\/\/cellermpages.com\/wp-content\/uploads\/2021\/03\/vinyes_capmany06.jpg'><img loading=\"lazy\" decoding=\"async\" width=\"500\" height=\"360\" src=\"https:\/\/cellermpages.com\/wp-content\/uploads\/2021\/03\/vinyes_capmany06.jpg\" class=\"attachment-full size-full\" alt=\"\" \/><\/a>\n\t\t\t<\/div><\/figure><figure class='gallery-item'>\n\t\t\t<div class='gallery-icon landscape'>\n\t\t\t\t<a data-elementor-open-lightbox=\"yes\" data-elementor-lightbox-slideshow=\"679a5657\" data-elementor-lightbox-title=\"vinyes_capmany07\" data-e-action-hash=\"#elementor-action%3Aaction%3Dlightbox%26settings%3DeyJpZCI6MTEwMywidXJsIjoiaHR0cHM6XC9cL2NlbGxlcm1wYWdlcy5jb21cL3dwLWNvbnRlbnRcL3VwbG9hZHNcLzIwMjFcLzAzXC92aW55ZXNfY2FwbWFueTA3LmpwZyIsInNsaWRlc2hvdyI6IjY3OWE1NjU3In0%3D\" href='https:\/\/cellermpages.com\/wp-content\/uploads\/2021\/03\/vinyes_capmany07.jpg'><img loading=\"lazy\" decoding=\"async\" width=\"500\" height=\"360\" src=\"https:\/\/cellermpages.com\/wp-content\/uploads\/2021\/03\/vinyes_capmany07.jpg\" class=\"attachment-full size-full\" alt=\"\" \/><\/a>\n\t\t\t<\/div><\/figure><figure class='gallery-item'>\n\t\t\t<div class='gallery-icon landscape'>\n\t\t\t\t<a data-elementor-open-lightbox=\"yes\" data-elementor-lightbox-slideshow=\"679a5657\" data-elementor-lightbox-title=\"vinyes_capmany08\" data-e-action-hash=\"#elementor-action%3Aaction%3Dlightbox%26settings%3DeyJpZCI6MTEwNiwidXJsIjoiaHR0cHM6XC9cL2NlbGxlcm1wYWdlcy5jb21cL3dwLWNvbnRlbnRcL3VwbG9hZHNcLzIwMjFcLzAzXC92aW55ZXNfY2FwbWFueTA4LmpwZyIsInNsaWRlc2hvdyI6IjY3OWE1NjU3In0%3D\" href='https:\/\/cellermpages.com\/wp-content\/uploads\/2021\/03\/vinyes_capmany08.jpg'><img loading=\"lazy\" decoding=\"async\" width=\"500\" height=\"360\" src=\"https:\/\/cellermpages.com\/wp-content\/uploads\/2021\/03\/vinyes_capmany08.jpg\" class=\"attachment-full size-full\" alt=\"\" \/><\/a>\n\t\t\t<\/div><\/figure><figure class='gallery-item'>\n\t\t\t<div class='gallery-icon landscape'>\n\t\t\t\t<a data-elementor-open-lightbox=\"yes\" data-elementor-lightbox-slideshow=\"679a5657\" data-elementor-lightbox-title=\"vinyes_capmany09\" data-e-action-hash=\"#elementor-action%3Aaction%3Dlightbox%26settings%3DeyJpZCI6MTEwOSwidXJsIjoiaHR0cHM6XC9cL2NlbGxlcm1wYWdlcy5jb21cL3dwLWNvbnRlbnRcL3VwbG9hZHNcLzIwMjFcLzAzXC92aW55ZXNfY2FwbWFueTA5LmpwZyIsInNsaWRlc2hvdyI6IjY3OWE1NjU3In0%3D\" href='https:\/\/cellermpages.com\/wp-content\/uploads\/2021\/03\/vinyes_capmany09.jpg'><img loading=\"lazy\" decoding=\"async\" width=\"500\" height=\"360\" src=\"https:\/\/cellermpages.com\/wp-content\/uploads\/2021\/03\/vinyes_capmany09.jpg\" class=\"attachment-full size-full\" alt=\"\" \/><\/a>\n\t\t\t<\/div><\/figure><figure class='gallery-item'>\n\t\t\t<div class='gallery-icon landscape'>\n\t\t\t\t<a data-elementor-open-lightbox=\"yes\" data-elementor-lightbox-slideshow=\"679a5657\" data-elementor-lightbox-title=\"vinyes_capmany10\" data-e-action-hash=\"#elementor-action%3Aaction%3Dlightbox%26settings%3DeyJpZCI6MTExMiwidXJsIjoiaHR0cHM6XC9cL2NlbGxlcm1wYWdlcy5jb21cL3dwLWNvbnRlbnRcL3VwbG9hZHNcLzIwMjFcLzAzXC92aW55ZXNfY2FwbWFueTEwLmpwZyIsInNsaWRlc2hvdyI6IjY3OWE1NjU3In0%3D\" href='https:\/\/cellermpages.com\/wp-content\/uploads\/2021\/03\/vinyes_capmany10.jpg'><img loading=\"lazy\" decoding=\"async\" width=\"500\" height=\"360\" src=\"https:\/\/cellermpages.com\/wp-content\/uploads\/2021\/03\/vinyes_capmany10.jpg\" class=\"attachment-full size-full\" alt=\"\" \/><\/a>\n\t\t\t<\/div><\/figure><figure class='gallery-item'>\n\t\t\t<div class='gallery-icon landscape'>\n\t\t\t\t<a data-elementor-open-lightbox=\"yes\" data-elementor-lightbox-slideshow=\"679a5657\" data-elementor-lightbox-title=\"vinyes_capmany11\" data-e-action-hash=\"#elementor-action%3Aaction%3Dlightbox%26settings%3DeyJpZCI6MTExNSwidXJsIjoiaHR0cHM6XC9cL2NlbGxlcm1wYWdlcy5jb21cL3dwLWNvbnRlbnRcL3VwbG9hZHNcLzIwMjFcLzAzXC92aW55ZXNfY2FwbWFueTExLmpwZyIsInNsaWRlc2hvdyI6IjY3OWE1NjU3In0%3D\" href='https:\/\/cellermpages.com\/wp-content\/uploads\/2021\/03\/vinyes_capmany11.jpg'><img loading=\"lazy\" decoding=\"async\" width=\"500\" height=\"360\" src=\"https:\/\/cellermpages.com\/wp-content\/uploads\/2021\/03\/vinyes_capmany11.jpg\" class=\"attachment-full size-full\" alt=\"\" \/><\/a>\n\t\t\t<\/div><\/figure><figure class='gallery-item'>\n\t\t\t<div class='gallery-icon landscape'>\n\t\t\t\t<a data-elementor-open-lightbox=\"yes\" data-elementor-lightbox-slideshow=\"679a5657\" data-elementor-lightbox-title=\"vinyes_capmany12\" data-e-action-hash=\"#elementor-action%3Aaction%3Dlightbox%26settings%3DeyJpZCI6MTExOCwidXJsIjoiaHR0cHM6XC9cL2NlbGxlcm1wYWdlcy5jb21cL3dwLWNvbnRlbnRcL3VwbG9hZHNcLzIwMjFcLzAzXC92aW55ZXNfY2FwbWFueTEyLmpwZyIsInNsaWRlc2hvdyI6IjY3OWE1NjU3In0%3D\" href='https:\/\/cellermpages.com\/wp-content\/uploads\/2021\/03\/vinyes_capmany12.jpg'><img loading=\"lazy\" decoding=\"async\" width=\"500\" height=\"360\" src=\"https:\/\/cellermpages.com\/wp-content\/uploads\/2021\/03\/vinyes_capmany12.jpg\" class=\"attachment-full size-full\" alt=\"\" \/><\/a>\n\t\t\t<\/div><\/figure><figure class='gallery-item'>\n\t\t\t<div class='gallery-icon landscape'>\n\t\t\t\t<a data-elementor-open-lightbox=\"yes\" data-elementor-lightbox-slideshow=\"679a5657\" data-elementor-lightbox-title=\"vinyes_capmany13\" data-e-action-hash=\"#elementor-action%3Aaction%3Dlightbox%26settings%3DeyJpZCI6MTEyMSwidXJsIjoiaHR0cHM6XC9cL2NlbGxlcm1wYWdlcy5jb21cL3dwLWNvbnRlbnRcL3VwbG9hZHNcLzIwMjFcLzAzXC92aW55ZXNfY2FwbWFueTEzLmpwZyIsInNsaWRlc2hvdyI6IjY3OWE1NjU3In0%3D\" href='https:\/\/cellermpages.com\/wp-content\/uploads\/2021\/03\/vinyes_capmany13.jpg'><img loading=\"lazy\" decoding=\"async\" width=\"500\" height=\"360\" src=\"https:\/\/cellermpages.com\/wp-content\/uploads\/2021\/03\/vinyes_capmany13.jpg\" class=\"attachment-full size-full\" alt=\"\" \/><\/a>\n\t\t\t<\/div><\/figure><figure class='gallery-item'>\n\t\t\t<div class='gallery-icon landscape'>\n\t\t\t\t<a data-elementor-open-lightbox=\"yes\" data-elementor-lightbox-slideshow=\"679a5657\" data-elementor-lightbox-title=\"vinyes_capmany14\" data-e-action-hash=\"#elementor-action%3Aaction%3Dlightbox%26settings%3DeyJpZCI6MTEyNCwidXJsIjoiaHR0cHM6XC9cL2NlbGxlcm1wYWdlcy5jb21cL3dwLWNvbnRlbnRcL3VwbG9hZHNcLzIwMjFcLzAzXC92aW55ZXNfY2FwbWFueTE0LmpwZyIsInNsaWRlc2hvdyI6IjY3OWE1NjU3In0%3D\" href='https:\/\/cellermpages.com\/wp-content\/uploads\/2021\/03\/vinyes_capmany14.jpg'><img loading=\"lazy\" decoding=\"async\" width=\"500\" height=\"360\" src=\"https:\/\/cellermpages.com\/wp-content\/uploads\/2021\/03\/vinyes_capmany14.jpg\" class=\"attachment-full size-full\" alt=\"\" \/><\/a>\n\t\t\t<\/div><\/figure>\n\t\t<\/div>\n\t\t<\/div>\n\t\t\t\t\t\t<\/div>\n\t\t\t\t<\/div>\n\t\t\t\t\t<\/div>\n\t\t<\/div>\n\t\t\t\t\t<\/div>\n\t\t<\/section>\n\t\t\t\t<\/div>\n\t\t","protected":false},"excerpt":{"rendered":"<p>Vi\u00f1edos en el coraz\u00f3n de la Albera Variedades aut\u00f3ctonas, un producto de proximidad La Bodega se encuentra situado en Capmany, uno de los pueblos que&hellip;<\/p>\n","protected":false},"author":1,"featured_media":980,"parent":0,"menu_order":0,"comment_status":"closed","ping_status":"closed","template":"","meta":{"footnotes":""},"class_list":["post-1185","page","type-page","status-publish","has-post-thumbnail","hentry"],"_links":{"self":[{"href":"https:\/\/cellermpages.com\/es\/wp-json\/wp\/v2\/pages\/1185","targetHints":{"allow":["GET"]}}],"collection":[{"href":"https:\/\/cellermpages.com\/es\/wp-json\/wp\/v2\/pages"}],"about":[{"href":"https:\/\/cellermpages.com\/es\/wp-json\/wp\/v2\/types\/page"}],"author":[{"embeddable":true,"href":"https:\/\/cellermpages.com\/es\/wp-json\/wp\/v2\/users\/1"}],"replies":[{"embeddable":true,"href":"https:\/\/cellermpages.com\/es\/wp-json\/wp\/v2\/comments?post=1185"}],"version-history":[{"count":0,"href":"https:\/\/cellermpages.com\/es\/wp-json\/wp\/v2\/pages\/1185\/revisions"}],"wp:featuredmedia":[{"embeddable":true,"href":"https:\/\/cellermpages.com\/es\/wp-json\/wp\/v2\/media\/980"}],"wp:attachment":[{"href":"https:\/\/cellermpages.com\/es\/wp-json\/wp\/v2\/media?parent=1185"}],"curies":[{"name":"wp","href":"https:\/\/api.w.org\/{rel}","templated":true}]}}