{"id":1264,"date":"2021-03-16T13:40:58","date_gmt":"2021-03-16T13:40:58","guid":{"rendered":"https:\/\/cellermpages.com\/sobre-nosotros\/"},"modified":"2021-03-16T13:40:58","modified_gmt":"2021-03-16T13:40:58","slug":"sobre-nosotros","status":"publish","type":"page","link":"https:\/\/cellermpages.com\/es\/sobre-nosotros\/","title":{"rendered":"Sobre nosotros"},"content":{"rendered":"\t\t<div data-elementor-type=\"wp-page\" data-elementor-id=\"1264\" class=\"elementor elementor-1264 elementor-15\">\n\t\t\t\t\t\t<section class=\"elementor-section elementor-top-section elementor-element elementor-element-e1a2ba5 elementor-section-boxed elementor-section-height-default elementor-section-height-default\" data-id=\"e1a2ba5\" data-element_type=\"section\">\n\t\t\t\t\t\t<div class=\"elementor-container elementor-column-gap-default\">\n\t\t\t\t\t<div class=\"elementor-column elementor-col-50 elementor-top-column elementor-element elementor-element-8446d2f\" data-id=\"8446d2f\" data-element_type=\"column\">\n\t\t\t<div class=\"elementor-widget-wrap elementor-element-populated\">\n\t\t\t\t\t\t<div class=\"elementor-element elementor-element-4243df3 elementor-widget elementor-widget-heading\" data-id=\"4243df3\" data-element_type=\"widget\" data-widget_type=\"heading.default\">\n\t\t\t\t<div class=\"elementor-widget-container\">\n\t\t\t\t\t<h2 class=\"elementor-heading-title elementor-size-default\">Toda una trayectoria arraigados\n<\/h2>\t\t\t\t<\/div>\n\t\t\t\t<\/div>\n\t\t\t\t<div class=\"elementor-element elementor-element-b4a5440 elementor-widget elementor-widget-heading\" data-id=\"b4a5440\" data-element_type=\"widget\" data-widget_type=\"heading.default\">\n\t\t\t\t<div class=\"elementor-widget-container\">\n\t\t\t\t\t<h2 class=\"elementor-heading-title elementor-size-default\">la historia de la bodega\n<\/h2>\t\t\t\t<\/div>\n\t\t\t\t<\/div>\n\t\t\t\t<div class=\"elementor-element elementor-element-b3de82a elementor-widget elementor-widget-text-editor\" data-id=\"b3de82a\" data-element_type=\"widget\" data-widget_type=\"text-editor.default\">\n\t\t\t\t<div class=\"elementor-widget-container\">\n\t\t\t\t\t\t\t\t\t<p>La actividad vin\u00edcola de la bodega <strong>Celler Mari\u00e0 Pag\u00e8s<\/strong> se remonta al a\u00f1o 1870, a mediados del siglo XIX. Iniciada por l&#8217;avi Mariano d\u00f3nde hab\u00eda una almazara de aceite. <\/p>\n<p>Bajo el paraguas de la marca <strong>Serrasagu\u00e9<\/strong> la bodega funciona comercialmente desde 1994.<\/p>\n<p>Tiene una capacidad de producci\u00f3n de unos 1.000 hectolitros y una producci\u00f3n anual de 55.000 litros aproximadamente; elaborando tanto vinos j\u00f3venes de calidad: tintos, rosados \u200b\u200by blancos como negros crianza, un vino muy querido por los consumidores. Tambi\u00e9n se pueden destacar los vinos dulces como la melosa Garnacha y el Moscatel.<\/p>\n\t\t\t\t\t\t\t\t<\/div>\n\t\t\t\t<\/div>\n\t\t\t\t\t<\/div>\n\t\t<\/div>\n\t\t\t\t<div class=\"elementor-column elementor-col-50 elementor-top-column elementor-element elementor-element-77ab63e\" data-id=\"77ab63e\" data-element_type=\"column\">\n\t\t\t<div class=\"elementor-widget-wrap elementor-element-populated\">\n\t\t\t\t\t\t<div class=\"elementor-element elementor-element-111fac2 elementor-widget elementor-widget-image\" data-id=\"111fac2\" data-element_type=\"widget\" data-widget_type=\"image.default\">\n\t\t\t\t<div class=\"elementor-widget-container\">\n\t\t\t\t\t\t\t\t\t\t\t\t\t\t\t<img fetchpriority=\"high\" decoding=\"async\" width=\"450\" height=\"299\" src=\"https:\/\/cellermpages.com\/wp-content\/uploads\/2021\/02\/entrada_celler.jpg\" class=\"attachment-full size-full wp-image-950\" alt=\"Celler Mari\u00e0 Pag\u00e8s\" \/>\t\t\t\t\t\t\t\t\t\t\t\t\t\t\t<\/div>\n\t\t\t\t<\/div>\n\t\t\t\t\t<\/div>\n\t\t<\/div>\n\t\t\t\t\t<\/div>\n\t\t<\/section>\n\t\t\t\t<section class=\"elementor-section elementor-top-section elementor-element elementor-element-24fb943 elementor-section-boxed elementor-section-height-default elementor-section-height-default\" data-id=\"24fb943\" data-element_type=\"section\">\n\t\t\t\t\t\t<div class=\"elementor-container elementor-column-gap-default\">\n\t\t\t\t\t<div class=\"elementor-column elementor-col-100 elementor-top-column elementor-element elementor-element-45a95c8\" data-id=\"45a95c8\" data-element_type=\"column\">\n\t\t\t<div class=\"elementor-widget-wrap elementor-element-populated\">\n\t\t\t\t\t\t<div class=\"elementor-element elementor-element-71139bd elementor-widget elementor-widget-text-editor\" data-id=\"71139bd\" data-element_type=\"widget\" data-widget_type=\"text-editor.default\">\n\t\t\t\t<div class=\"elementor-widget-container\">\n\t\t\t\t\t\t\t\t\t<p>Dentro de la casa pairal de <em>Can Llibori<\/em>, encontramos la bodega de crianza, a donde entre sus muros de piedra, reposa el vino m\u00e1s apreciado.<\/p>\n<p>La bodega ha recibido la distinci\u00f3n de C\u00e1mara de Comercio, una de las bodegas m\u00e1s antiguas de Catalu\u00f1a, concretamente m\u00e1s de 125 a\u00f1os de historia.<\/p>\n<p>Si encuentra unas 50 barricas de roble americano, franc\u00e9s y h\u00fangaro junto con m\u00e1s de 20.000 botellas con m\u00e1s de un a\u00f1o de convivencia. Paseando por los s\u00f3tanos se pueden apreciar algunas reliquias que se conservando a lo largo de los a\u00f1os.<\/p>\n\t\t\t\t\t\t\t\t<\/div>\n\t\t\t\t<\/div>\n\t\t\t\t\t<\/div>\n\t\t<\/div>\n\t\t\t\t\t<\/div>\n\t\t<\/section>\n\t\t\t\t<section class=\"elementor-section elementor-top-section elementor-element elementor-element-54e7317 elementor-section-boxed elementor-section-height-default elementor-section-height-default\" data-id=\"54e7317\" data-element_type=\"section\">\n\t\t\t\t\t\t<div class=\"elementor-container elementor-column-gap-default\">\n\t\t\t\t\t<div class=\"elementor-column elementor-col-100 elementor-top-column elementor-element elementor-element-ae96bd2\" data-id=\"ae96bd2\" data-element_type=\"column\">\n\t\t\t<div class=\"elementor-widget-wrap elementor-element-populated\">\n\t\t\t\t\t\t<div class=\"elementor-element elementor-element-c28e50c gallery-spacing-custom elementor-widget elementor-widget-image-gallery\" data-id=\"c28e50c\" data-element_type=\"widget\" data-widget_type=\"image-gallery.default\">\n\t\t\t\t<div class=\"elementor-widget-container\">\n\t\t\t\t\t\t\t<div class=\"elementor-image-gallery\">\n\t\t\t<div id='gallery-1' class='gallery galleryid-1264 gallery-columns-3 gallery-size-full'><figure class='gallery-item'>\n\t\t\t<div class='gallery-icon landscape'>\n\t\t\t\t<a data-elementor-open-lightbox=\"yes\" data-elementor-lightbox-slideshow=\"c28e50c\" data-elementor-lightbox-title=\"Celler Mari\u00e0 Pag\u00e8s\" data-e-action-hash=\"#elementor-action%3Aaction%3Dlightbox%26settings%3DeyJpZCI6OTUzLCJ1cmwiOiJodHRwczpcL1wvY2VsbGVybXBhZ2VzLmNvbVwvd3AtY29udGVudFwvdXBsb2Fkc1wvMjAyMVwvMDJcL2NlbGxlci1jcmlhbmNhMS5qcGciLCJzbGlkZXNob3ciOiJjMjhlNTBjIn0%3D\" href='https:\/\/cellermpages.com\/wp-content\/uploads\/2021\/02\/celler-crianca1.jpg'><img decoding=\"async\" width=\"520\" height=\"360\" src=\"https:\/\/cellermpages.com\/wp-content\/uploads\/2021\/02\/celler-crianca1.jpg\" class=\"attachment-full size-full\" alt=\"Celler Mari\u00e0 Pag\u00e8s\" \/><\/a>\n\t\t\t<\/div><\/figure><figure class='gallery-item'>\n\t\t\t<div class='gallery-icon landscape'>\n\t\t\t\t<a data-elementor-open-lightbox=\"yes\" data-elementor-lightbox-slideshow=\"c28e50c\" data-elementor-lightbox-title=\"Celler Mari\u00e0 Pag\u00e8s\" data-e-action-hash=\"#elementor-action%3Aaction%3Dlightbox%26settings%3DeyJpZCI6OTU2LCJ1cmwiOiJodHRwczpcL1wvY2VsbGVybXBhZ2VzLmNvbVwvd3AtY29udGVudFwvdXBsb2Fkc1wvMjAyMVwvMDJcL2NlbGxlci1jcmlhbmNhMi5qcGciLCJzbGlkZXNob3ciOiJjMjhlNTBjIn0%3D\" href='https:\/\/cellermpages.com\/wp-content\/uploads\/2021\/02\/celler-crianca2.jpg'><img decoding=\"async\" width=\"520\" height=\"360\" src=\"https:\/\/cellermpages.com\/wp-content\/uploads\/2021\/02\/celler-crianca2.jpg\" class=\"attachment-full size-full\" alt=\"Celler Mari\u00e0 Pag\u00e8s\" \/><\/a>\n\t\t\t<\/div><\/figure><figure class='gallery-item'>\n\t\t\t<div class='gallery-icon landscape'>\n\t\t\t\t<a data-elementor-open-lightbox=\"yes\" data-elementor-lightbox-slideshow=\"c28e50c\" data-elementor-lightbox-title=\"Celler Mari\u00e0 Pag\u00e8s\" data-e-action-hash=\"#elementor-action%3Aaction%3Dlightbox%26settings%3DeyJpZCI6OTU5LCJ1cmwiOiJodHRwczpcL1wvY2VsbGVybXBhZ2VzLmNvbVwvd3AtY29udGVudFwvdXBsb2Fkc1wvMjAyMVwvMDJcL2NlbGxlci1jcmlhbmNhNC5qcGciLCJzbGlkZXNob3ciOiJjMjhlNTBjIn0%3D\" href='https:\/\/cellermpages.com\/wp-content\/uploads\/2021\/02\/celler-crianca4.jpg'><img loading=\"lazy\" decoding=\"async\" width=\"520\" height=\"360\" src=\"https:\/\/cellermpages.com\/wp-content\/uploads\/2021\/02\/celler-crianca4.jpg\" class=\"attachment-full size-full\" alt=\"Celler Mari\u00e0 Pag\u00e8s\" \/><\/a>\n\t\t\t<\/div><\/figure><figure class='gallery-item'>\n\t\t\t<div class='gallery-icon landscape'>\n\t\t\t\t<a data-elementor-open-lightbox=\"yes\" data-elementor-lightbox-slideshow=\"c28e50c\" data-elementor-lightbox-title=\"Celler Mari\u00e0 Pag\u00e8s\" data-e-action-hash=\"#elementor-action%3Aaction%3Dlightbox%26settings%3DeyJpZCI6OTYyLCJ1cmwiOiJodHRwczpcL1wvY2VsbGVybXBhZ2VzLmNvbVwvd3AtY29udGVudFwvdXBsb2Fkc1wvMjAyMVwvMDJcL2NlbGxlci1jcmlhbmNhMTAuanBnIiwic2xpZGVzaG93IjoiYzI4ZTUwYyJ9\" href='https:\/\/cellermpages.com\/wp-content\/uploads\/2021\/02\/celler-crianca10.jpg'><img loading=\"lazy\" decoding=\"async\" width=\"520\" height=\"360\" src=\"https:\/\/cellermpages.com\/wp-content\/uploads\/2021\/02\/celler-crianca10.jpg\" class=\"attachment-full size-full\" alt=\"Celler Mari\u00e0 Pag\u00e8s\" \/><\/a>\n\t\t\t<\/div><\/figure><figure class='gallery-item'>\n\t\t\t<div class='gallery-icon landscape'>\n\t\t\t\t<a data-elementor-open-lightbox=\"yes\" data-elementor-lightbox-slideshow=\"c28e50c\" data-elementor-lightbox-title=\"Celler Mari\u00e0 Pag\u00e8s\" data-e-action-hash=\"#elementor-action%3Aaction%3Dlightbox%26settings%3DeyJpZCI6OTY1LCJ1cmwiOiJodHRwczpcL1wvY2VsbGVybXBhZ2VzLmNvbVwvd3AtY29udGVudFwvdXBsb2Fkc1wvMjAyMVwvMDJcL2NlbGxlci1jcmlhbmNhMTEuanBnIiwic2xpZGVzaG93IjoiYzI4ZTUwYyJ9\" href='https:\/\/cellermpages.com\/wp-content\/uploads\/2021\/02\/celler-crianca11.jpg'><img loading=\"lazy\" decoding=\"async\" width=\"520\" height=\"360\" src=\"https:\/\/cellermpages.com\/wp-content\/uploads\/2021\/02\/celler-crianca11.jpg\" class=\"attachment-full size-full\" alt=\"Celler Mari\u00e0 Pag\u00e8s\" \/><\/a>\n\t\t\t<\/div><\/figure><figure class='gallery-item'>\n\t\t\t<div class='gallery-icon landscape'>\n\t\t\t\t<a data-elementor-open-lightbox=\"yes\" data-elementor-lightbox-slideshow=\"c28e50c\" data-elementor-lightbox-title=\"Celler Mari\u00e0 Pag\u00e8s\" data-e-action-hash=\"#elementor-action%3Aaction%3Dlightbox%26settings%3DeyJpZCI6OTY4LCJ1cmwiOiJodHRwczpcL1wvY2VsbGVybXBhZ2VzLmNvbVwvd3AtY29udGVudFwvdXBsb2Fkc1wvMjAyMVwvMDJcL2NlbGxlci1lbGVib3JhY2lvMS5qcGciLCJzbGlkZXNob3ciOiJjMjhlNTBjIn0%3D\" href='https:\/\/cellermpages.com\/wp-content\/uploads\/2021\/02\/celler-eleboracio1.jpg'><img loading=\"lazy\" decoding=\"async\" width=\"520\" height=\"360\" src=\"https:\/\/cellermpages.com\/wp-content\/uploads\/2021\/02\/celler-eleboracio1.jpg\" class=\"attachment-full size-full\" alt=\"Celler Mari\u00e0 Pag\u00e8s\" \/><\/a>\n\t\t\t<\/div><\/figure><figure class='gallery-item'>\n\t\t\t<div class='gallery-icon landscape'>\n\t\t\t\t<a data-elementor-open-lightbox=\"yes\" data-elementor-lightbox-slideshow=\"c28e50c\" data-elementor-lightbox-title=\"Celler Mari\u00e0 Pag\u00e8s\" data-e-action-hash=\"#elementor-action%3Aaction%3Dlightbox%26settings%3DeyJpZCI6OTcxLCJ1cmwiOiJodHRwczpcL1wvY2VsbGVybXBhZ2VzLmNvbVwvd3AtY29udGVudFwvdXBsb2Fkc1wvMjAyMVwvMDJcL2NlbGxlci1lbGVib3JhY2lvMi5qcGciLCJzbGlkZXNob3ciOiJjMjhlNTBjIn0%3D\" href='https:\/\/cellermpages.com\/wp-content\/uploads\/2021\/02\/celler-eleboracio2.jpg'><img loading=\"lazy\" decoding=\"async\" width=\"520\" height=\"360\" src=\"https:\/\/cellermpages.com\/wp-content\/uploads\/2021\/02\/celler-eleboracio2.jpg\" class=\"attachment-full size-full\" alt=\"Celler Mari\u00e0 Pag\u00e8s\" \/><\/a>\n\t\t\t<\/div><\/figure><figure class='gallery-item'>\n\t\t\t<div class='gallery-icon landscape'>\n\t\t\t\t<a data-elementor-open-lightbox=\"yes\" data-elementor-lightbox-slideshow=\"c28e50c\" data-elementor-lightbox-title=\"Celler Mari\u00e0 Pag\u00e8s\" data-e-action-hash=\"#elementor-action%3Aaction%3Dlightbox%26settings%3DeyJpZCI6OTc0LCJ1cmwiOiJodHRwczpcL1wvY2VsbGVybXBhZ2VzLmNvbVwvd3AtY29udGVudFwvdXBsb2Fkc1wvMjAyMVwvMDJcL2NlbGxlci1lbGVib3JhY2lvMy5qcGciLCJzbGlkZXNob3ciOiJjMjhlNTBjIn0%3D\" href='https:\/\/cellermpages.com\/wp-content\/uploads\/2021\/02\/celler-eleboracio3.jpg'><img loading=\"lazy\" decoding=\"async\" width=\"520\" height=\"360\" src=\"https:\/\/cellermpages.com\/wp-content\/uploads\/2021\/02\/celler-eleboracio3.jpg\" class=\"attachment-full size-full\" alt=\"Celler Mari\u00e0 Pag\u00e8s\" \/><\/a>\n\t\t\t<\/div><\/figure><figure class='gallery-item'>\n\t\t\t<div class='gallery-icon landscape'>\n\t\t\t\t<a data-elementor-open-lightbox=\"yes\" data-elementor-lightbox-slideshow=\"c28e50c\" data-elementor-lightbox-title=\"Celler Mari\u00e0 Pag\u00e8s\" data-e-action-hash=\"#elementor-action%3Aaction%3Dlightbox%26settings%3DeyJpZCI6OTc3LCJ1cmwiOiJodHRwczpcL1wvY2VsbGVybXBhZ2VzLmNvbVwvd3AtY29udGVudFwvdXBsb2Fkc1wvMjAyMVwvMDJcL2NlbGxlci1lbGVib3JhY2lvNC5qcGciLCJzbGlkZXNob3ciOiJjMjhlNTBjIn0%3D\" href='https:\/\/cellermpages.com\/wp-content\/uploads\/2021\/02\/celler-eleboracio4.jpg'><img loading=\"lazy\" decoding=\"async\" width=\"520\" height=\"360\" src=\"https:\/\/cellermpages.com\/wp-content\/uploads\/2021\/02\/celler-eleboracio4.jpg\" class=\"attachment-full size-full\" alt=\"Celler Mari\u00e0 Pag\u00e8s\" \/><\/a>\n\t\t\t<\/div><\/figure>\n\t\t<\/div>\n\t\t<\/div>\n\t\t\t\t\t\t<\/div>\n\t\t\t\t<\/div>\n\t\t\t\t\t<\/div>\n\t\t<\/div>\n\t\t\t\t\t<\/div>\n\t\t<\/section>\n\t\t\t\t<\/div>\n\t\t","protected":false},"excerpt":{"rendered":"<p>Toda una trayectoria arraigados la historia de la bodega La actividad vin\u00edcola de la bodega Celler Mari\u00e0 Pag\u00e8s se remonta al a\u00f1o 1870, a mediados&hellip;<\/p>\n","protected":false},"author":1,"featured_media":845,"parent":0,"menu_order":0,"comment_status":"closed","ping_status":"closed","template":"","meta":{"footnotes":""},"class_list":["post-1264","page","type-page","status-publish","has-post-thumbnail","hentry"],"_links":{"self":[{"href":"https:\/\/cellermpages.com\/es\/wp-json\/wp\/v2\/pages\/1264","targetHints":{"allow":["GET"]}}],"collection":[{"href":"https:\/\/cellermpages.com\/es\/wp-json\/wp\/v2\/pages"}],"about":[{"href":"https:\/\/cellermpages.com\/es\/wp-json\/wp\/v2\/types\/page"}],"author":[{"embeddable":true,"href":"https:\/\/cellermpages.com\/es\/wp-json\/wp\/v2\/users\/1"}],"replies":[{"embeddable":true,"href":"https:\/\/cellermpages.com\/es\/wp-json\/wp\/v2\/comments?post=1264"}],"version-history":[{"count":0,"href":"https:\/\/cellermpages.com\/es\/wp-json\/wp\/v2\/pages\/1264\/revisions"}],"wp:featuredmedia":[{"embeddable":true,"href":"https:\/\/cellermpages.com\/es\/wp-json\/wp\/v2\/media\/845"}],"wp:attachment":[{"href":"https:\/\/cellermpages.com\/es\/wp-json\/wp\/v2\/media?parent=1264"}],"curies":[{"name":"wp","href":"https:\/\/api.w.org\/{rel}","templated":true}]}}