{"id":1940,"date":"2025-02-19T12:16:31","date_gmt":"2025-02-19T12:16:31","guid":{"rendered":"https:\/\/cellermpages.com\/?page_id=1940"},"modified":"2025-02-19T14:37:34","modified_gmt":"2025-02-19T14:37:34","slug":"visitans","status":"publish","type":"page","link":"https:\/\/cellermpages.com\/es\/visitans\/","title":{"rendered":"VISITANOS"},"content":{"rendered":"<p class=\"has-black-color has-text-color has-link-color has-medium-font-size wp-elements-d8f03eb1d774a08627e5ea8fe54d4e47\"><strong>VISITA LA BODEGA<\/strong><\/p><p>Visitaremos la bodega de elaboraci\u00f3n y crianza y probaremos 3 vinos.<\/p><p><strong>Duraci\u00f3n<\/strong>: Entre 1h \u2013 1:30h<\/p><p><strong>Precio:<\/strong><\/p><ul class=\"wp-block-list\"><li>10\u20ac de lunes a viernes (de 11:00h a 13:00h) o de (15:00h a 17:00)<\/li>\n\n<li>15\u20ac s\u00e1bados por la ma\u00f1ana, m\u00ednimo 4 personas (10:30h a 12:30h)<\/li><\/ul><p class=\"has-black-color has-text-color has-link-color has-medium-font-size wp-elements-fc25c3ffaa265c4efc76c9afad58f6c2\"><strong>PASSEADA ENTRE VI\u00d1EDOS<\/strong><\/p><p>Daremos un paseo en alguno de nuestros vi\u00f1edos y probaremos 3 vinos. Despu\u00e9s iremos a visitar la bodega de crianza y elaboraci\u00f3n. <\/p><p>Para realizar esta actividad deberemos desplazarnos con el coche ya que la bodega y los vi\u00f1edos no se encuentran en el mismo punto.<\/p><p><strong>Duraci\u00f3n<\/strong>: 2 horas aprox.<\/p><p><strong>Precio:<\/strong><\/p><ul class=\"wp-block-list\"><li>20\u20ac de lunes a viernes (de 11:00h a 13:00h) o de (15:00h a 17:00)<\/li>\n\n<li>25\u20ac s\u00e1bados por la ma\u00f1ana, m\u00ednimo 4 personas (10:30h a 12:30h)<\/li><\/ul><p style=\"font-style:italic;font-weight:400\">* Las visitas no son privadas, se pueden reunir por grupos de personas.<\/p><p>Rellena el boleto de <a href=\"https:\/\/cellermpages.com\/es\/contacto-y-situacion\/\" data-type=\"link\" data-id=\"https:\/\/cellermpages.com\/contacte-situacio\/\">contacto <\/a>o env\u00eda un correo a <a href=\"mailto:sandra@cellermpages.com\">sandra@cellermpages.com<\/a>. Nos pondremos en contacto con usted. <\/p><p><\/p>","protected":false},"excerpt":{"rendered":"<p>VISITA LA BODEGA Visitaremos la bodega de elaboraci\u00f3n y crianza y probaremos 3 vinos. Duraci\u00f3n: Entre 1h \u2013 1:30h Precio: PASSEADA ENTRE VI\u00d1EDOS Daremos un&hellip;<\/p>\n","protected":false},"author":4,"featured_media":1939,"parent":0,"menu_order":0,"comment_status":"closed","ping_status":"closed","template":"","meta":{"footnotes":""},"class_list":["post-1940","page","type-page","status-publish","has-post-thumbnail","hentry"],"_links":{"self":[{"href":"https:\/\/cellermpages.com\/es\/wp-json\/wp\/v2\/pages\/1940","targetHints":{"allow":["GET"]}}],"collection":[{"href":"https:\/\/cellermpages.com\/es\/wp-json\/wp\/v2\/pages"}],"about":[{"href":"https:\/\/cellermpages.com\/es\/wp-json\/wp\/v2\/types\/page"}],"author":[{"embeddable":true,"href":"https:\/\/cellermpages.com\/es\/wp-json\/wp\/v2\/users\/4"}],"replies":[{"embeddable":true,"href":"https:\/\/cellermpages.com\/es\/wp-json\/wp\/v2\/comments?post=1940"}],"version-history":[{"count":0,"href":"https:\/\/cellermpages.com\/es\/wp-json\/wp\/v2\/pages\/1940\/revisions"}],"wp:featuredmedia":[{"embeddable":true,"href":"https:\/\/cellermpages.com\/es\/wp-json\/wp\/v2\/media\/1939"}],"wp:attachment":[{"href":"https:\/\/cellermpages.com\/es\/wp-json\/wp\/v2\/media?parent=1940"}],"curies":[{"name":"wp","href":"https:\/\/api.w.org\/{rel}","templated":true}]}}