{"id":1128,"date":"2021-02-25T15:03:40","date_gmt":"2021-02-25T15:03:40","guid":{"rendered":"https:\/\/cellermpages.com\/producte\/maria-pages-moscat-demporda\/"},"modified":"2026-03-02T10:50:31","modified_gmt":"2026-03-02T10:50:31","slug":"maria-pages-moscat-demporda","status":"publish","type":"product","link":"https:\/\/cellermpages.com\/es\/producte\/maria-pages-moscat-demporda\/","title":{"rendered":"Mari\u00e0 Pag\u00e8s Moscat d&#8217;Empord\u00e0"},"content":{"rendered":"<p>&nbsp;<\/p>\n<table class=\"table table-hover\">\n<tbody>\n<tr>\n<th>Varietats<\/th>\n<td>Moscatel Alexandria<\/td>\n<\/tr>\n<tr>\n<th>Graus<\/th>\n<td>15&#8217;5% Vol.<\/td>\n<\/tr>\n<tr>\n<th>Tast<\/th>\n<td>Color pajizo brillante. Aroma fruta escarchada, fruta al licor y notas ameladas. Boca sabroso, potente, dulce y carnoso.<\/td>\n<\/tr>\n<\/tbody>\n<\/table>\n<p><img decoding=\"async\" class=\"alignnone wp-image-899 size-full\" src=\"https:\/\/cellermpages.com\/wp-content\/uploads\/2021\/02\/icon_queso.png\" alt=\"\" width=\"40\" height=\"40\" \/> <img decoding=\"async\" class=\"alignnone wp-image-878 size-full\" src=\"https:\/\/cellermpages.com\/wp-content\/uploads\/2021\/02\/icon_pates.png\" alt=\"\" width=\"40\" height=\"40\" \/> <img decoding=\"async\" class=\"alignnone wp-image-920 size-full\" src=\"https:\/\/cellermpages.com\/wp-content\/uploads\/2021\/02\/icon_postres.png\" alt=\"\" width=\"40\" height=\"40\" \/><\/p>\n","protected":false},"excerpt":{"rendered":"<p>&nbsp; Varietats Moscatel Alexandria Graus 15&#8217;5% Vol. Tast Color pajizo brillante. Aroma fruta escarchada, fruta al licor y notas ameladas. Boca sabroso, potente, dulce y&hellip;<\/p>\n","protected":false},"featured_media":929,"comment_status":"open","ping_status":"closed","template":"","meta":[],"product_brand":[],"product_cat":[47],"product_tag":[52],"class_list":{"0":"post-1128","1":"product","2":"type-product","3":"status-publish","4":"has-post-thumbnail","6":"product_cat-vinos-dulces","7":"product_tag-vino-dulce","9":"first","10":"instock","11":"featured","12":"shipping-taxable","13":"product-type-simple","14":"customify-col"},"_links":{"self":[{"href":"https:\/\/cellermpages.com\/es\/wp-json\/wp\/v2\/product\/1128","targetHints":{"allow":["GET"]}}],"collection":[{"href":"https:\/\/cellermpages.com\/es\/wp-json\/wp\/v2\/product"}],"about":[{"href":"https:\/\/cellermpages.com\/es\/wp-json\/wp\/v2\/types\/product"}],"replies":[{"embeddable":true,"href":"https:\/\/cellermpages.com\/es\/wp-json\/wp\/v2\/comments?post=1128"}],"wp:featuredmedia":[{"embeddable":true,"href":"https:\/\/cellermpages.com\/es\/wp-json\/wp\/v2\/media\/929"}],"wp:attachment":[{"href":"https:\/\/cellermpages.com\/es\/wp-json\/wp\/v2\/media?parent=1128"}],"wp:term":[{"taxonomy":"product_brand","embeddable":true,"href":"https:\/\/cellermpages.com\/es\/wp-json\/wp\/v2\/product_brand?post=1128"},{"taxonomy":"product_cat","embeddable":true,"href":"https:\/\/cellermpages.com\/es\/wp-json\/wp\/v2\/product_cat?post=1128"},{"taxonomy":"product_tag","embeddable":true,"href":"https:\/\/cellermpages.com\/es\/wp-json\/wp\/v2\/product_tag?post=1128"}],"curies":[{"name":"wp","href":"https:\/\/api.w.org\/{rel}","templated":true}]}}