{"id":1129,"date":"2021-02-25T15:01:18","date_gmt":"2021-03-12T16:07:05","guid":{"rendered":"https:\/\/cellermpages.com\/producte\/garnacha-solera-maria-pages\/"},"modified":"2021-05-17T11:31:59","modified_gmt":"2021-05-17T11:31:59","slug":"garnacha-solera-maria-pages","status":"publish","type":"product","link":"https:\/\/cellermpages.com\/es\/producte\/garnacha-solera-maria-pages\/","title":{"rendered":"Garnacha Solera l&#8217;\u00c0vi Mari\u00e0 Pag\u00e8s"},"content":{"rendered":"<p><strong>&#8211; <span style=\"color: #800000;\">Gu\u00eda de Vinos Gourmets 2019<\/span>: 95 puntos<br \/>\n<\/strong><strong>&#8211; <span style=\"color: #800000;\">Premios Akatavino Civas 2019<\/span>: 94 puntos y medalla Civas d&#8217;or.<br \/>\n<\/strong><strong>&#8211; <span style=\"color: #800000;\">Gu\u00eda Pe\u00f1in 2020<\/span>: 93 puntos.<br \/>\n<\/strong><strong>&#8211; <span style=\"color: #800000;\">GUIA GOURMETS 2020<\/span>: 90 punts.<\/strong><\/p>\n<table class=\"table table-hover\">\n<tbody>\n<tr>\n<th>Variedades<\/th>\n<td>50% Garnacha negra y 50% Garnacha blanca<\/td>\n<\/tr>\n<tr>\n<th>Grados<\/th>\n<td>15&#8217;5% Vol.<\/td>\n<\/tr>\n<tr>\n<th>Cata<\/th>\n<td>Color caoba claro. Aroma fruta escarchada, almendra tostada, especias dulces, caramelo tostado, barniz. Boca sabroso, dulce y graso.<\/td>\n<\/tr>\n<\/tbody>\n<\/table>\n<p><img decoding=\"async\" class=\"alignnone wp-image-899 size-full\" src=\"https:\/\/cellermpages.com\/wp-content\/uploads\/2021\/02\/icon_queso.png\" alt=\"\" width=\"40\" height=\"40\" \/> <img decoding=\"async\" class=\"alignnone wp-image-878 size-full\" src=\"https:\/\/cellermpages.com\/wp-content\/uploads\/2021\/02\/icon_pates.png\" alt=\"\" width=\"40\" height=\"40\" \/> <img decoding=\"async\" class=\"alignnone wp-image-920 size-full\" src=\"https:\/\/cellermpages.com\/wp-content\/uploads\/2021\/02\/icon_postres.png\" alt=\"\" width=\"40\" height=\"40\" \/><\/p>\n","protected":false},"excerpt":{"rendered":"<p>Solera de 21 a\u00f1os en bota. 95 puntos en la Gu\u00eda de Vinos Gourmets 2019.<\/p>\n","protected":false},"featured_media":926,"comment_status":"open","ping_status":"closed","template":"","meta":[],"product_brand":[],"product_cat":[47],"product_tag":[52],"class_list":{"0":"post-1129","1":"product","2":"type-product","3":"status-publish","4":"has-post-thumbnail","6":"product_cat-vinos-dulces","7":"product_tag-vino-dulce","9":"first","10":"instock","11":"featured","12":"shipping-taxable","13":"product-type-simple","14":"customify-col"},"_links":{"self":[{"href":"https:\/\/cellermpages.com\/es\/wp-json\/wp\/v2\/product\/1129","targetHints":{"allow":["GET"]}}],"collection":[{"href":"https:\/\/cellermpages.com\/es\/wp-json\/wp\/v2\/product"}],"about":[{"href":"https:\/\/cellermpages.com\/es\/wp-json\/wp\/v2\/types\/product"}],"replies":[{"embeddable":true,"href":"https:\/\/cellermpages.com\/es\/wp-json\/wp\/v2\/comments?post=1129"}],"wp:featuredmedia":[{"embeddable":true,"href":"https:\/\/cellermpages.com\/es\/wp-json\/wp\/v2\/media\/926"}],"wp:attachment":[{"href":"https:\/\/cellermpages.com\/es\/wp-json\/wp\/v2\/media?parent=1129"}],"wp:term":[{"taxonomy":"product_brand","embeddable":true,"href":"https:\/\/cellermpages.com\/es\/wp-json\/wp\/v2\/product_brand?post=1129"},{"taxonomy":"product_cat","embeddable":true,"href":"https:\/\/cellermpages.com\/es\/wp-json\/wp\/v2\/product_cat?post=1129"},{"taxonomy":"product_tag","embeddable":true,"href":"https:\/\/cellermpages.com\/es\/wp-json\/wp\/v2\/product_tag?post=1129"}],"curies":[{"name":"wp","href":"https:\/\/api.w.org\/{rel}","templated":true}]}}