{"id":1130,"date":"2021-02-25T14:58:18","date_gmt":"2021-02-25T14:58:18","guid":{"rendered":"https:\/\/cellermpages.com\/producte\/maria-pages-garnacha-demporda\/"},"modified":"2026-03-02T10:57:43","modified_gmt":"2026-03-02T10:57:43","slug":"maria-pages-garnacha-d-emporda","status":"publish","type":"product","link":"https:\/\/cellermpages.com\/es\/producte\/maria-pages-garnacha-d-emporda\/","title":{"rendered":"Mari\u00e0 Pag\u00e8s Garnacha d&#8217;Empord\u00e0"},"content":{"rendered":"<p><strong>&#8211; <span style=\"color: #800000;\">Grenaches du Monde 2025<\/span>: Double Gold Medal.<\/strong><\/p>\n<table class=\"table table-hover\">\n<tbody>\n<tr>\n<th>Variedades<\/th>\n<td>Garnacha blanca y negra<\/td>\n<\/tr>\n<tr>\n<th>Grados<\/th>\n<td>15&#8217;5% Vol.<\/td>\n<\/tr>\n<tr>\n<th>Cata<\/th>\n<td>Color caoba claro. Aroma fruta escarchada, almendra tostada, especias dulces, caramelo tostado, barniz. Boca sabroso, dulce y graso.<\/td>\n<\/tr>\n<\/tbody>\n<\/table>\n<p><img decoding=\"async\" class=\"alignnone wp-image-899 size-full\" src=\"https:\/\/cellermpages.com\/wp-content\/uploads\/2021\/02\/icon_queso.png\" alt=\"\" width=\"40\" height=\"40\" \/> <img decoding=\"async\" class=\"alignnone wp-image-878 size-full\" src=\"https:\/\/cellermpages.com\/wp-content\/uploads\/2021\/02\/icon_pates.png\" alt=\"\" width=\"40\" height=\"40\" \/> <img decoding=\"async\" class=\"alignnone wp-image-920 size-full\" src=\"https:\/\/cellermpages.com\/wp-content\/uploads\/2021\/02\/icon_postres.png\" alt=\"\" width=\"40\" height=\"40\" \/><\/p>\n","protected":false},"excerpt":{"rendered":"<p>Garnacha joven. Doble medalla oro en el concurso Grenaches du Monde 2025<\/p>\n","protected":false},"featured_media":923,"comment_status":"open","ping_status":"closed","template":"","meta":[],"product_brand":[],"product_cat":[47],"product_tag":[52],"class_list":{"0":"post-1130","1":"product","2":"type-product","3":"status-publish","4":"has-post-thumbnail","6":"product_cat-vinos-dulces","7":"product_tag-vino-dulce","9":"first","10":"instock","11":"featured","12":"shipping-taxable","13":"product-type-simple","14":"customify-col","15":"product-has-gallery"},"_links":{"self":[{"href":"https:\/\/cellermpages.com\/es\/wp-json\/wp\/v2\/product\/1130","targetHints":{"allow":["GET"]}}],"collection":[{"href":"https:\/\/cellermpages.com\/es\/wp-json\/wp\/v2\/product"}],"about":[{"href":"https:\/\/cellermpages.com\/es\/wp-json\/wp\/v2\/types\/product"}],"replies":[{"embeddable":true,"href":"https:\/\/cellermpages.com\/es\/wp-json\/wp\/v2\/comments?post=1130"}],"wp:featuredmedia":[{"embeddable":true,"href":"https:\/\/cellermpages.com\/es\/wp-json\/wp\/v2\/media\/923"}],"wp:attachment":[{"href":"https:\/\/cellermpages.com\/es\/wp-json\/wp\/v2\/media?parent=1130"}],"wp:term":[{"taxonomy":"product_brand","embeddable":true,"href":"https:\/\/cellermpages.com\/es\/wp-json\/wp\/v2\/product_brand?post=1130"},{"taxonomy":"product_cat","embeddable":true,"href":"https:\/\/cellermpages.com\/es\/wp-json\/wp\/v2\/product_cat?post=1130"},{"taxonomy":"product_tag","embeddable":true,"href":"https:\/\/cellermpages.com\/es\/wp-json\/wp\/v2\/product_tag?post=1130"}],"curies":[{"name":"wp","href":"https:\/\/api.w.org\/{rel}","templated":true}]}}