{"id":1138,"date":"2021-02-25T11:45:07","date_gmt":"2021-03-12T16:22:33","guid":{"rendered":"https:\/\/cellermpages.com\/producte\/serrasague-tinto-2019\/"},"modified":"2024-05-14T13:54:07","modified_gmt":"2024-05-14T13:54:07","slug":"serrasague-negro","status":"publish","type":"product","link":"https:\/\/cellermpages.com\/es\/producte\/serrasague-negro\/","title":{"rendered":"Serrasagu\u00e9 Tinto 2023"},"content":{"rendered":"<table class=\"table table-hover\">\n<tbody>\n<tr>\n<th>Variedades<\/th>\n<td>&#8211;<\/td>\n<\/tr>\n<tr>\n<th>Grados<\/th>\n<td>14% Vol.<\/td>\n<\/tr>\n<tr>\n<th>Temperatura<\/th>\n<td>Servir a una temperatura de 12\u00baC<\/td>\n<\/tr>\n<tr>\n<th>Cata<\/th>\n<td>Las especiales caracter\u00edsticas de este negro de color intenso y de aroma agradable, har\u00e1 que lo recuerde cuando lo pruebe acompa\u00f1ando sus comidas, por su amplitud de sabores.<\/td>\n<\/tr>\n<\/tbody>\n<\/table>\n<p><img decoding=\"async\" class=\"alignnone wp-image-869 size-full\" src=\"https:\/\/cellermpages.com\/wp-content\/uploads\/2021\/02\/icon_arroz.png\" alt=\"\" width=\"40\" height=\"40\" \/> <img decoding=\"async\" class=\"alignnone wp-image-872 size-full\" src=\"https:\/\/cellermpages.com\/wp-content\/uploads\/2021\/02\/icon_ave.png\" alt=\"\" width=\"40\" height=\"40\" \/> <img decoding=\"async\" class=\"alignnone wp-image-875 size-full\" src=\"https:\/\/cellermpages.com\/wp-content\/uploads\/2021\/02\/icon_carne.png\" alt=\"\" width=\"40\" height=\"40\" \/> <img loading=\"lazy\" decoding=\"async\" class=\"alignnone wp-image-878 size-full\" src=\"https:\/\/cellermpages.com\/wp-content\/uploads\/2021\/02\/icon_pates.png\" alt=\"\" width=\"40\" height=\"40\" \/><\/p>\n","protected":false},"excerpt":{"rendered":"<p>Vino joven de la a\u00f1ada de 2023<\/p>\n","protected":false},"featured_media":1509,"comment_status":"open","ping_status":"closed","template":"","meta":[],"product_brand":[],"product_cat":[45],"product_tag":[53],"class_list":{"0":"post-1138","1":"product","2":"type-product","3":"status-publish","4":"has-post-thumbnail","6":"product_cat-serrassague-2023","7":"product_tag-vino-negro","9":"first","10":"instock","11":"featured","12":"shipping-taxable","13":"product-type-simple","14":"customify-col"},"_links":{"self":[{"href":"https:\/\/cellermpages.com\/es\/wp-json\/wp\/v2\/product\/1138","targetHints":{"allow":["GET"]}}],"collection":[{"href":"https:\/\/cellermpages.com\/es\/wp-json\/wp\/v2\/product"}],"about":[{"href":"https:\/\/cellermpages.com\/es\/wp-json\/wp\/v2\/types\/product"}],"replies":[{"embeddable":true,"href":"https:\/\/cellermpages.com\/es\/wp-json\/wp\/v2\/comments?post=1138"}],"wp:featuredmedia":[{"embeddable":true,"href":"https:\/\/cellermpages.com\/es\/wp-json\/wp\/v2\/media\/1509"}],"wp:attachment":[{"href":"https:\/\/cellermpages.com\/es\/wp-json\/wp\/v2\/media?parent=1138"}],"wp:term":[{"taxonomy":"product_brand","embeddable":true,"href":"https:\/\/cellermpages.com\/es\/wp-json\/wp\/v2\/product_brand?post=1138"},{"taxonomy":"product_cat","embeddable":true,"href":"https:\/\/cellermpages.com\/es\/wp-json\/wp\/v2\/product_cat?post=1138"},{"taxonomy":"product_tag","embeddable":true,"href":"https:\/\/cellermpages.com\/es\/wp-json\/wp\/v2\/product_tag?post=1138"}],"curies":[{"name":"wp","href":"https:\/\/api.w.org\/{rel}","templated":true}]}}