{"id":1729,"date":"2021-02-25T14:53:11","date_gmt":"2022-04-20T13:33:50","guid":{"rendered":"https:\/\/cellermpages.com\/producte\/vinya-de-lhort\/"},"modified":"2024-05-14T13:39:54","modified_gmt":"2024-05-14T13:39:54","slug":"vinya-de-lhort-2","status":"publish","type":"product","link":"https:\/\/cellermpages.com\/es\/producte\/vinya-de-lhort-2\/","title":{"rendered":"Vinya de l&#8217;Hort"},"content":{"rendered":"<table class=\"table table-hover\">\n<tbody>\n<tr>\n<th>Variedades<\/th>\n<td>Garnacha blanca y Garnacha roja.<\/td>\n<\/tr>\n<tr>\n<th>Grados<\/th>\n<td>13% Vol.<\/td>\n<\/tr>\n<tr>\n<th>Temperatura<\/th>\n<td>Servir a una temperatura de 8 a 10\u00baC<\/td>\n<\/tr>\n<tr>\n<th>Cata<\/th>\n<td>Aroma varietal ampurdan\u00e9s, con perfiles de c\u00edtricos, amplios matices de frutas tropicales y notas l\u00e1cteas. Sedoso en el paladar, gran concentraci\u00f3n de aromas y equilibrada riqueza alcoh\u00f3lica.<\/td>\n<\/tr>\n<\/tbody>\n<\/table>\n<p><img decoding=\"async\" class=\"alignnone wp-image-899 size-full\" src=\"https:\/\/cellermpages.com\/wp-content\/uploads\/2021\/02\/icon_queso.png\" alt=\"\" width=\"40\" height=\"40\" \/> <img decoding=\"async\" class=\"alignnone wp-image-869 size-full\" src=\"https:\/\/cellermpages.com\/wp-content\/uploads\/2021\/02\/icon_arroz.png\" alt=\"\" width=\"40\" height=\"40\" \/> <img decoding=\"async\" class=\"alignnone wp-image-872 size-full\" src=\"https:\/\/cellermpages.com\/wp-content\/uploads\/2021\/02\/icon_ave.png\" alt=\"\" width=\"40\" height=\"40\" \/> <img loading=\"lazy\" decoding=\"async\" class=\"alignnone wp-image-902 size-full\" src=\"https:\/\/cellermpages.com\/wp-content\/uploads\/2021\/02\/icon_marisco.png\" alt=\"\" width=\"40\" height=\"40\" \/> <img loading=\"lazy\" decoding=\"async\" class=\"alignnone wp-image-896 size-full\" src=\"https:\/\/cellermpages.com\/wp-content\/uploads\/2021\/02\/icon_pescado.png\" alt=\"\" width=\"40\" height=\"40\" \/><\/p>\n","protected":false},"excerpt":{"rendered":"<p>Vino joven a\u00f1ada de 2023.<\/p>\n","protected":false},"featured_media":1543,"comment_status":"open","ping_status":"closed","template":"","meta":[],"product_brand":[],"product_cat":[48],"product_tag":[51],"class_list":{"0":"post-1729","1":"product","2":"type-product","3":"status-publish","4":"has-post-thumbnail","6":"product_cat-vinos-joven","7":"product_tag-vino-blanco","9":"first","10":"instock","11":"featured","12":"shipping-taxable","13":"product-type-simple","14":"customify-col"},"_links":{"self":[{"href":"https:\/\/cellermpages.com\/es\/wp-json\/wp\/v2\/product\/1729","targetHints":{"allow":["GET"]}}],"collection":[{"href":"https:\/\/cellermpages.com\/es\/wp-json\/wp\/v2\/product"}],"about":[{"href":"https:\/\/cellermpages.com\/es\/wp-json\/wp\/v2\/types\/product"}],"replies":[{"embeddable":true,"href":"https:\/\/cellermpages.com\/es\/wp-json\/wp\/v2\/comments?post=1729"}],"wp:featuredmedia":[{"embeddable":true,"href":"https:\/\/cellermpages.com\/es\/wp-json\/wp\/v2\/media\/1543"}],"wp:attachment":[{"href":"https:\/\/cellermpages.com\/es\/wp-json\/wp\/v2\/media?parent=1729"}],"wp:term":[{"taxonomy":"product_brand","embeddable":true,"href":"https:\/\/cellermpages.com\/es\/wp-json\/wp\/v2\/product_brand?post=1729"},{"taxonomy":"product_cat","embeddable":true,"href":"https:\/\/cellermpages.com\/es\/wp-json\/wp\/v2\/product_cat?post=1729"},{"taxonomy":"product_tag","embeddable":true,"href":"https:\/\/cellermpages.com\/es\/wp-json\/wp\/v2\/product_tag?post=1729"}],"curies":[{"name":"wp","href":"https:\/\/api.w.org\/{rel}","templated":true}]}}