{"id":1191,"date":"2021-03-16T13:11:36","date_gmt":"2021-03-16T13:11:36","guid":{"rendered":"https:\/\/cellermpages.com\/lenvironnement\/"},"modified":"2021-03-16T13:11:42","modified_gmt":"2021-03-16T13:11:42","slug":"lenvironnement","status":"publish","type":"page","link":"https:\/\/cellermpages.com\/fr\/lenvironnement\/","title":{"rendered":"L&rsquo;Environnement"},"content":{"rendered":"\t\t<div data-elementor-type=\"wp-page\" data-elementor-id=\"1191\" class=\"elementor elementor-1191 elementor-264\">\n\t\t\t\t\t\t<section class=\"elementor-section elementor-top-section elementor-element elementor-element-117ba97e elementor-section-boxed elementor-section-height-default elementor-section-height-default\" data-id=\"117ba97e\" data-element_type=\"section\">\n\t\t\t\t\t\t<div class=\"elementor-container elementor-column-gap-default\">\n\t\t\t\t\t<div class=\"elementor-column elementor-col-50 elementor-top-column elementor-element elementor-element-70fe2c61\" data-id=\"70fe2c61\" data-element_type=\"column\">\n\t\t\t<div class=\"elementor-widget-wrap elementor-element-populated\">\n\t\t\t\t\t\t<div class=\"elementor-element elementor-element-6271b215 elementor-widget elementor-widget-heading\" data-id=\"6271b215\" data-element_type=\"widget\" data-widget_type=\"heading.default\">\n\t\t\t\t<div class=\"elementor-widget-container\">\n\t\t\t\t\t<h2 class=\"elementor-heading-title elementor-size-default\">Vignes, au c\u0153ur de l'Albera\n<\/h2>\t\t\t\t<\/div>\n\t\t\t\t<\/div>\n\t\t\t\t<div class=\"elementor-element elementor-element-7737a848 elementor-widget elementor-widget-heading\" data-id=\"7737a848\" data-element_type=\"widget\" data-widget_type=\"heading.default\">\n\t\t\t\t<div class=\"elementor-widget-container\">\n\t\t\t\t\t<h2 class=\"elementor-heading-title elementor-size-default\">\nVari\u00e9t\u00e9s indig\u00e8nes, un produit de proximit\u00e9\n<\/h2>\t\t\t\t<\/div>\n\t\t\t\t<\/div>\n\t\t\t\t<div class=\"elementor-element elementor-element-44e472d3 elementor-widget elementor-widget-text-editor\" data-id=\"44e472d3\" data-element_type=\"widget\" data-widget_type=\"text-editor.default\">\n\t\t\t\t<div class=\"elementor-widget-container\">\n\t\t\t\t\t\t\t\t\t<p>La cave est situ\u00e9e \u00e0 <strong>Capmany<\/strong>, l&rsquo;un des villages qui fait partie de la route de l&rsquo;itin\u00e9raire \u00ab\u00a0Empord\u00e0 Camins de vins\u00a0\u00bb. Situ\u00e9 au pied de <strong>l&rsquo;Albera<\/strong> faisant partie de cette ligne entre mer et montagne. Les murs et les huttes de pierre s\u00e8che nous accompagnent le long des campagnes typiques des terres.<\/p>\n<p>Dans l&rsquo;Empord\u00e0, il existe un certain nombre de facteurs qui conviennent \u00e0 la production du vin et aux vins de caract\u00e8re. Le <strong>climat<\/strong>, avec la Tramontana, le fort vent du nord qui peut atteindre 120 km \/ h, favorisant une bonne croissance de ces plantations, a des effets tr\u00e8s b\u00e9n\u00e9fiques pour le bon \u00e9tat sanitaire du vignoble. <\/p>\n\t\t\t\t\t\t\t\t<\/div>\n\t\t\t\t<\/div>\n\t\t\t\t\t<\/div>\n\t\t<\/div>\n\t\t\t\t<div class=\"elementor-column elementor-col-50 elementor-top-column elementor-element elementor-element-2af372b8\" data-id=\"2af372b8\" data-element_type=\"column\">\n\t\t\t<div class=\"elementor-widget-wrap elementor-element-populated\">\n\t\t\t\t\t\t<div class=\"elementor-element elementor-element-125ab9f1 elementor-widget elementor-widget-image\" data-id=\"125ab9f1\" data-element_type=\"widget\" data-widget_type=\"image.default\">\n\t\t\t\t<div class=\"elementor-widget-container\">\n\t\t\t\t\t\t\t\t\t\t\t\t\t\t\t<img fetchpriority=\"high\" decoding=\"async\" width=\"450\" height=\"299\" src=\"https:\/\/cellermpages.com\/wp-content\/uploads\/2021\/02\/vinyes_tramuntana.jpg\" class=\"attachment-full size-full wp-image-982\" alt=\"Vignes, au c\u0153ur de l&#039;Albera\" \/>\t\t\t\t\t\t\t\t\t\t\t\t\t\t\t<\/div>\n\t\t\t\t<\/div>\n\t\t\t\t\t<\/div>\n\t\t<\/div>\n\t\t\t\t\t<\/div>\n\t\t<\/section>\n\t\t\t\t<section class=\"elementor-section elementor-top-section elementor-element elementor-element-f43bbd1 elementor-section-boxed elementor-section-height-default elementor-section-height-default\" data-id=\"f43bbd1\" data-element_type=\"section\">\n\t\t\t\t\t\t<div class=\"elementor-container elementor-column-gap-default\">\n\t\t\t\t\t<div class=\"elementor-column elementor-col-100 elementor-top-column elementor-element elementor-element-223b5a62\" data-id=\"223b5a62\" data-element_type=\"column\">\n\t\t\t<div class=\"elementor-widget-wrap elementor-element-populated\">\n\t\t\t\t\t\t<div class=\"elementor-element elementor-element-714315f elementor-widget elementor-widget-text-editor\" data-id=\"714315f\" data-element_type=\"widget\" data-widget_type=\"text-editor.default\">\n\t\t\t\t<div class=\"elementor-widget-container\">\n\t\t\t\t\t\t\t\t\t<p>D&rsquo;autre part, la temp\u00e9rature, les hivers sont doux avec quelques gel\u00e9es et les \u00e9t\u00e9s chauds, temp\u00e9r\u00e9s par les brises de la mer. Le sol des vignobles est le granite compos\u00e9 d&rsquo;ardoises.<\/p>\n<p>Les parcelles de vignobles appartenant \u00e0 la propri\u00e9t\u00e9 <em>Can Llibori<\/em>, \u00e2g\u00e9es de plus de 30 ans, s&rsquo;\u00e9tendent sur 12 hectares autour du village d&rsquo;Empord\u00e0, nous montrant des paysages verdoyants et nous rendent tranquilles.<\/p>\n<p>La qualit\u00e9 du raisin est le plus important lorsqu&rsquo;il s&rsquo;agit de faire du bon vin, c&rsquo;est pourquoi nous respectons les vignobles maximum avec un minimum d&rsquo;utilisation de fongicides et de produits qui ne sont pas tr\u00e8s respectueux. Le respect de la nature et de la sant\u00e9 des consommateurs est primordial.<\/p>\n<p>Les diff\u00e9rentes plantations sont cultiv\u00e9es \u00e0 partir des crit\u00e8res de durabilit\u00e9 les plus \u00e9lev\u00e9s. Les raisins noirs, de la Garnacha noire et de la Cari\u00f1ena, mais aussi du Cabernet Sauvignon, du Merlot, du Cabernet Franc et du Tempranillo, ainsi que des blancs sont le Chardonnay blanc, la Garnacha blanche et le Moscatel.<\/p>\n\t\t\t\t\t\t\t\t<\/div>\n\t\t\t\t<\/div>\n\t\t\t\t\t<\/div>\n\t\t<\/div>\n\t\t\t\t\t<\/div>\n\t\t<\/section>\n\t\t\t\t<section class=\"elementor-section elementor-top-section elementor-element elementor-element-69799f89 elementor-section-boxed elementor-section-height-default elementor-section-height-default\" data-id=\"69799f89\" data-element_type=\"section\">\n\t\t\t\t\t\t<div class=\"elementor-container elementor-column-gap-default\">\n\t\t\t\t\t<div class=\"elementor-column elementor-col-100 elementor-top-column elementor-element elementor-element-353f2883\" data-id=\"353f2883\" data-element_type=\"column\">\n\t\t\t<div class=\"elementor-widget-wrap elementor-element-populated\">\n\t\t\t\t\t\t<div class=\"elementor-element elementor-element-679a5657 gallery-spacing-custom elementor-widget elementor-widget-image-gallery\" data-id=\"679a5657\" data-element_type=\"widget\" data-widget_type=\"image-gallery.default\">\n\t\t\t\t<div class=\"elementor-widget-container\">\n\t\t\t\t\t\t\t<div class=\"elementor-image-gallery\">\n\t\t\t<div id='gallery-1' class='gallery galleryid-1191 gallery-columns-3 gallery-size-full'><figure class='gallery-item'>\n\t\t\t<div class='gallery-icon landscape'>\n\t\t\t\t<a data-elementor-open-lightbox=\"yes\" data-elementor-lightbox-slideshow=\"679a5657\" data-elementor-lightbox-title=\"vinyes_capmany01\" data-e-action-hash=\"#elementor-action%3Aaction%3Dlightbox%26settings%3DeyJpZCI6MTA4NCwidXJsIjoiaHR0cHM6XC9cL2NlbGxlcm1wYWdlcy5jb21cL3dwLWNvbnRlbnRcL3VwbG9hZHNcLzIwMjFcLzAzXC92aW55ZXNfY2FwbWFueTAxLmpwZyIsInNsaWRlc2hvdyI6IjY3OWE1NjU3In0%3D\" href='https:\/\/cellermpages.com\/wp-content\/uploads\/2021\/03\/vinyes_capmany01.jpg'><img decoding=\"async\" width=\"500\" height=\"360\" src=\"https:\/\/cellermpages.com\/wp-content\/uploads\/2021\/03\/vinyes_capmany01.jpg\" class=\"attachment-full size-full\" alt=\"\" \/><\/a>\n\t\t\t<\/div><\/figure><figure class='gallery-item'>\n\t\t\t<div class='gallery-icon landscape'>\n\t\t\t\t<a data-elementor-open-lightbox=\"yes\" data-elementor-lightbox-slideshow=\"679a5657\" data-elementor-lightbox-title=\"vinyes_capmany02\" data-e-action-hash=\"#elementor-action%3Aaction%3Dlightbox%26settings%3DeyJpZCI6MTA4NywidXJsIjoiaHR0cHM6XC9cL2NlbGxlcm1wYWdlcy5jb21cL3dwLWNvbnRlbnRcL3VwbG9hZHNcLzIwMjFcLzAzXC92aW55ZXNfY2FwbWFueTAyLmpwZyIsInNsaWRlc2hvdyI6IjY3OWE1NjU3In0%3D\" href='https:\/\/cellermpages.com\/wp-content\/uploads\/2021\/03\/vinyes_capmany02.jpg'><img decoding=\"async\" width=\"500\" height=\"360\" src=\"https:\/\/cellermpages.com\/wp-content\/uploads\/2021\/03\/vinyes_capmany02.jpg\" class=\"attachment-full size-full\" alt=\"\" \/><\/a>\n\t\t\t<\/div><\/figure><figure class='gallery-item'>\n\t\t\t<div class='gallery-icon landscape'>\n\t\t\t\t<a data-elementor-open-lightbox=\"yes\" data-elementor-lightbox-slideshow=\"679a5657\" data-elementor-lightbox-title=\"vinyes_capmany03\" data-e-action-hash=\"#elementor-action%3Aaction%3Dlightbox%26settings%3DeyJpZCI6MTA5MCwidXJsIjoiaHR0cHM6XC9cL2NlbGxlcm1wYWdlcy5jb21cL3dwLWNvbnRlbnRcL3VwbG9hZHNcLzIwMjFcLzAzXC92aW55ZXNfY2FwbWFueTAzLmpwZyIsInNsaWRlc2hvdyI6IjY3OWE1NjU3In0%3D\" href='https:\/\/cellermpages.com\/wp-content\/uploads\/2021\/03\/vinyes_capmany03.jpg'><img loading=\"lazy\" decoding=\"async\" width=\"500\" height=\"360\" src=\"https:\/\/cellermpages.com\/wp-content\/uploads\/2021\/03\/vinyes_capmany03.jpg\" class=\"attachment-full size-full\" alt=\"\" \/><\/a>\n\t\t\t<\/div><\/figure><figure class='gallery-item'>\n\t\t\t<div class='gallery-icon landscape'>\n\t\t\t\t<a data-elementor-open-lightbox=\"yes\" data-elementor-lightbox-slideshow=\"679a5657\" data-elementor-lightbox-title=\"vinyes_capmany04\" data-e-action-hash=\"#elementor-action%3Aaction%3Dlightbox%26settings%3DeyJpZCI6MTA5MywidXJsIjoiaHR0cHM6XC9cL2NlbGxlcm1wYWdlcy5jb21cL3dwLWNvbnRlbnRcL3VwbG9hZHNcLzIwMjFcLzAzXC92aW55ZXNfY2FwbWFueTA0LmpwZyIsInNsaWRlc2hvdyI6IjY3OWE1NjU3In0%3D\" href='https:\/\/cellermpages.com\/wp-content\/uploads\/2021\/03\/vinyes_capmany04.jpg'><img loading=\"lazy\" decoding=\"async\" width=\"500\" height=\"360\" src=\"https:\/\/cellermpages.com\/wp-content\/uploads\/2021\/03\/vinyes_capmany04.jpg\" class=\"attachment-full size-full\" alt=\"\" \/><\/a>\n\t\t\t<\/div><\/figure><figure class='gallery-item'>\n\t\t\t<div class='gallery-icon landscape'>\n\t\t\t\t<a data-elementor-open-lightbox=\"yes\" data-elementor-lightbox-slideshow=\"679a5657\" data-elementor-lightbox-title=\"vinyes_capmany05\" data-e-action-hash=\"#elementor-action%3Aaction%3Dlightbox%26settings%3DeyJpZCI6MTA5NiwidXJsIjoiaHR0cHM6XC9cL2NlbGxlcm1wYWdlcy5jb21cL3dwLWNvbnRlbnRcL3VwbG9hZHNcLzIwMjFcLzAzXC92aW55ZXNfY2FwbWFueTA1LmpwZyIsInNsaWRlc2hvdyI6IjY3OWE1NjU3In0%3D\" href='https:\/\/cellermpages.com\/wp-content\/uploads\/2021\/03\/vinyes_capmany05.jpg'><img loading=\"lazy\" decoding=\"async\" width=\"500\" height=\"360\" src=\"https:\/\/cellermpages.com\/wp-content\/uploads\/2021\/03\/vinyes_capmany05.jpg\" class=\"attachment-full size-full\" alt=\"\" \/><\/a>\n\t\t\t<\/div><\/figure><figure class='gallery-item'>\n\t\t\t<div class='gallery-icon landscape'>\n\t\t\t\t<a data-elementor-open-lightbox=\"yes\" data-elementor-lightbox-slideshow=\"679a5657\" data-elementor-lightbox-title=\"vinyes_capmany06\" data-e-action-hash=\"#elementor-action%3Aaction%3Dlightbox%26settings%3DeyJpZCI6MTA5OSwidXJsIjoiaHR0cHM6XC9cL2NlbGxlcm1wYWdlcy5jb21cL3dwLWNvbnRlbnRcL3VwbG9hZHNcLzIwMjFcLzAzXC92aW55ZXNfY2FwbWFueTA2LmpwZyIsInNsaWRlc2hvdyI6IjY3OWE1NjU3In0%3D\" href='https:\/\/cellermpages.com\/wp-content\/uploads\/2021\/03\/vinyes_capmany06.jpg'><img loading=\"lazy\" decoding=\"async\" width=\"500\" height=\"360\" src=\"https:\/\/cellermpages.com\/wp-content\/uploads\/2021\/03\/vinyes_capmany06.jpg\" class=\"attachment-full size-full\" alt=\"\" \/><\/a>\n\t\t\t<\/div><\/figure><figure class='gallery-item'>\n\t\t\t<div class='gallery-icon landscape'>\n\t\t\t\t<a data-elementor-open-lightbox=\"yes\" data-elementor-lightbox-slideshow=\"679a5657\" data-elementor-lightbox-title=\"vinyes_capmany07\" data-e-action-hash=\"#elementor-action%3Aaction%3Dlightbox%26settings%3DeyJpZCI6MTEwMiwidXJsIjoiaHR0cHM6XC9cL2NlbGxlcm1wYWdlcy5jb21cL3dwLWNvbnRlbnRcL3VwbG9hZHNcLzIwMjFcLzAzXC92aW55ZXNfY2FwbWFueTA3LmpwZyIsInNsaWRlc2hvdyI6IjY3OWE1NjU3In0%3D\" href='https:\/\/cellermpages.com\/wp-content\/uploads\/2021\/03\/vinyes_capmany07.jpg'><img loading=\"lazy\" decoding=\"async\" width=\"500\" height=\"360\" src=\"https:\/\/cellermpages.com\/wp-content\/uploads\/2021\/03\/vinyes_capmany07.jpg\" class=\"attachment-full size-full\" alt=\"\" \/><\/a>\n\t\t\t<\/div><\/figure><figure class='gallery-item'>\n\t\t\t<div class='gallery-icon landscape'>\n\t\t\t\t<a data-elementor-open-lightbox=\"yes\" data-elementor-lightbox-slideshow=\"679a5657\" data-elementor-lightbox-title=\"vinyes_capmany08\" data-e-action-hash=\"#elementor-action%3Aaction%3Dlightbox%26settings%3DeyJpZCI6MTEwNSwidXJsIjoiaHR0cHM6XC9cL2NlbGxlcm1wYWdlcy5jb21cL3dwLWNvbnRlbnRcL3VwbG9hZHNcLzIwMjFcLzAzXC92aW55ZXNfY2FwbWFueTA4LmpwZyIsInNsaWRlc2hvdyI6IjY3OWE1NjU3In0%3D\" href='https:\/\/cellermpages.com\/wp-content\/uploads\/2021\/03\/vinyes_capmany08.jpg'><img loading=\"lazy\" decoding=\"async\" width=\"500\" height=\"360\" src=\"https:\/\/cellermpages.com\/wp-content\/uploads\/2021\/03\/vinyes_capmany08.jpg\" class=\"attachment-full size-full\" alt=\"\" \/><\/a>\n\t\t\t<\/div><\/figure><figure class='gallery-item'>\n\t\t\t<div class='gallery-icon landscape'>\n\t\t\t\t<a data-elementor-open-lightbox=\"yes\" data-elementor-lightbox-slideshow=\"679a5657\" data-elementor-lightbox-title=\"vinyes_capmany09\" data-e-action-hash=\"#elementor-action%3Aaction%3Dlightbox%26settings%3DeyJpZCI6MTEwOCwidXJsIjoiaHR0cHM6XC9cL2NlbGxlcm1wYWdlcy5jb21cL3dwLWNvbnRlbnRcL3VwbG9hZHNcLzIwMjFcLzAzXC92aW55ZXNfY2FwbWFueTA5LmpwZyIsInNsaWRlc2hvdyI6IjY3OWE1NjU3In0%3D\" href='https:\/\/cellermpages.com\/wp-content\/uploads\/2021\/03\/vinyes_capmany09.jpg'><img loading=\"lazy\" decoding=\"async\" width=\"500\" height=\"360\" src=\"https:\/\/cellermpages.com\/wp-content\/uploads\/2021\/03\/vinyes_capmany09.jpg\" class=\"attachment-full size-full\" alt=\"\" \/><\/a>\n\t\t\t<\/div><\/figure><figure class='gallery-item'>\n\t\t\t<div class='gallery-icon landscape'>\n\t\t\t\t<a data-elementor-open-lightbox=\"yes\" data-elementor-lightbox-slideshow=\"679a5657\" data-elementor-lightbox-title=\"vinyes_capmany10\" data-e-action-hash=\"#elementor-action%3Aaction%3Dlightbox%26settings%3DeyJpZCI6MTExMSwidXJsIjoiaHR0cHM6XC9cL2NlbGxlcm1wYWdlcy5jb21cL3dwLWNvbnRlbnRcL3VwbG9hZHNcLzIwMjFcLzAzXC92aW55ZXNfY2FwbWFueTEwLmpwZyIsInNsaWRlc2hvdyI6IjY3OWE1NjU3In0%3D\" href='https:\/\/cellermpages.com\/wp-content\/uploads\/2021\/03\/vinyes_capmany10.jpg'><img loading=\"lazy\" decoding=\"async\" width=\"500\" height=\"360\" src=\"https:\/\/cellermpages.com\/wp-content\/uploads\/2021\/03\/vinyes_capmany10.jpg\" class=\"attachment-full size-full\" alt=\"\" \/><\/a>\n\t\t\t<\/div><\/figure><figure class='gallery-item'>\n\t\t\t<div class='gallery-icon landscape'>\n\t\t\t\t<a data-elementor-open-lightbox=\"yes\" data-elementor-lightbox-slideshow=\"679a5657\" data-elementor-lightbox-title=\"vinyes_capmany11\" data-e-action-hash=\"#elementor-action%3Aaction%3Dlightbox%26settings%3DeyJpZCI6MTExNCwidXJsIjoiaHR0cHM6XC9cL2NlbGxlcm1wYWdlcy5jb21cL3dwLWNvbnRlbnRcL3VwbG9hZHNcLzIwMjFcLzAzXC92aW55ZXNfY2FwbWFueTExLmpwZyIsInNsaWRlc2hvdyI6IjY3OWE1NjU3In0%3D\" href='https:\/\/cellermpages.com\/wp-content\/uploads\/2021\/03\/vinyes_capmany11.jpg'><img loading=\"lazy\" decoding=\"async\" width=\"500\" height=\"360\" src=\"https:\/\/cellermpages.com\/wp-content\/uploads\/2021\/03\/vinyes_capmany11.jpg\" class=\"attachment-full size-full\" alt=\"\" \/><\/a>\n\t\t\t<\/div><\/figure><figure class='gallery-item'>\n\t\t\t<div class='gallery-icon landscape'>\n\t\t\t\t<a data-elementor-open-lightbox=\"yes\" data-elementor-lightbox-slideshow=\"679a5657\" data-elementor-lightbox-title=\"vinyes_capmany12\" data-e-action-hash=\"#elementor-action%3Aaction%3Dlightbox%26settings%3DeyJpZCI6MTExNywidXJsIjoiaHR0cHM6XC9cL2NlbGxlcm1wYWdlcy5jb21cL3dwLWNvbnRlbnRcL3VwbG9hZHNcLzIwMjFcLzAzXC92aW55ZXNfY2FwbWFueTEyLmpwZyIsInNsaWRlc2hvdyI6IjY3OWE1NjU3In0%3D\" href='https:\/\/cellermpages.com\/wp-content\/uploads\/2021\/03\/vinyes_capmany12.jpg'><img loading=\"lazy\" decoding=\"async\" width=\"500\" height=\"360\" src=\"https:\/\/cellermpages.com\/wp-content\/uploads\/2021\/03\/vinyes_capmany12.jpg\" class=\"attachment-full size-full\" alt=\"\" \/><\/a>\n\t\t\t<\/div><\/figure><figure class='gallery-item'>\n\t\t\t<div class='gallery-icon landscape'>\n\t\t\t\t<a data-elementor-open-lightbox=\"yes\" data-elementor-lightbox-slideshow=\"679a5657\" data-elementor-lightbox-title=\"vinyes_capmany13\" data-e-action-hash=\"#elementor-action%3Aaction%3Dlightbox%26settings%3DeyJpZCI6MTEyMCwidXJsIjoiaHR0cHM6XC9cL2NlbGxlcm1wYWdlcy5jb21cL3dwLWNvbnRlbnRcL3VwbG9hZHNcLzIwMjFcLzAzXC92aW55ZXNfY2FwbWFueTEzLmpwZyIsInNsaWRlc2hvdyI6IjY3OWE1NjU3In0%3D\" href='https:\/\/cellermpages.com\/wp-content\/uploads\/2021\/03\/vinyes_capmany13.jpg'><img loading=\"lazy\" decoding=\"async\" width=\"500\" height=\"360\" src=\"https:\/\/cellermpages.com\/wp-content\/uploads\/2021\/03\/vinyes_capmany13.jpg\" class=\"attachment-full size-full\" alt=\"\" \/><\/a>\n\t\t\t<\/div><\/figure><figure class='gallery-item'>\n\t\t\t<div class='gallery-icon landscape'>\n\t\t\t\t<a data-elementor-open-lightbox=\"yes\" data-elementor-lightbox-slideshow=\"679a5657\" data-elementor-lightbox-title=\"vinyes_capmany14\" data-e-action-hash=\"#elementor-action%3Aaction%3Dlightbox%26settings%3DeyJpZCI6MTEyMywidXJsIjoiaHR0cHM6XC9cL2NlbGxlcm1wYWdlcy5jb21cL3dwLWNvbnRlbnRcL3VwbG9hZHNcLzIwMjFcLzAzXC92aW55ZXNfY2FwbWFueTE0LmpwZyIsInNsaWRlc2hvdyI6IjY3OWE1NjU3In0%3D\" href='https:\/\/cellermpages.com\/wp-content\/uploads\/2021\/03\/vinyes_capmany14.jpg'><img loading=\"lazy\" decoding=\"async\" width=\"500\" height=\"360\" src=\"https:\/\/cellermpages.com\/wp-content\/uploads\/2021\/03\/vinyes_capmany14.jpg\" class=\"attachment-full size-full\" alt=\"\" \/><\/a>\n\t\t\t<\/div><\/figure>\n\t\t<\/div>\n\t\t<\/div>\n\t\t\t\t\t\t<\/div>\n\t\t\t\t<\/div>\n\t\t\t\t\t<\/div>\n\t\t<\/div>\n\t\t\t\t\t<\/div>\n\t\t<\/section>\n\t\t\t\t<\/div>\n\t\t","protected":false},"excerpt":{"rendered":"<p>Vignes, au c\u0153ur de l&rsquo;Albera Vari\u00e9t\u00e9s indig\u00e8nes, un produit de proximit\u00e9 La cave est situ\u00e9e \u00e0 Capmany, l&rsquo;un des villages qui fait partie de la&hellip;<\/p>\n","protected":false},"author":1,"featured_media":979,"parent":0,"menu_order":0,"comment_status":"closed","ping_status":"closed","template":"","meta":{"footnotes":""},"class_list":["post-1191","page","type-page","status-publish","has-post-thumbnail","hentry"],"_links":{"self":[{"href":"https:\/\/cellermpages.com\/fr\/wp-json\/wp\/v2\/pages\/1191","targetHints":{"allow":["GET"]}}],"collection":[{"href":"https:\/\/cellermpages.com\/fr\/wp-json\/wp\/v2\/pages"}],"about":[{"href":"https:\/\/cellermpages.com\/fr\/wp-json\/wp\/v2\/types\/page"}],"author":[{"embeddable":true,"href":"https:\/\/cellermpages.com\/fr\/wp-json\/wp\/v2\/users\/1"}],"replies":[{"embeddable":true,"href":"https:\/\/cellermpages.com\/fr\/wp-json\/wp\/v2\/comments?post=1191"}],"version-history":[{"count":0,"href":"https:\/\/cellermpages.com\/fr\/wp-json\/wp\/v2\/pages\/1191\/revisions"}],"wp:featuredmedia":[{"embeddable":true,"href":"https:\/\/cellermpages.com\/fr\/wp-json\/wp\/v2\/media\/979"}],"wp:attachment":[{"href":"https:\/\/cellermpages.com\/fr\/wp-json\/wp\/v2\/media?parent=1191"}],"curies":[{"name":"wp","href":"https:\/\/api.w.org\/{rel}","templated":true}]}}