{"id":1260,"date":"2021-03-16T13:39:05","date_gmt":"2021-03-16T13:39:05","guid":{"rendered":"https:\/\/cellermpages.com\/a-propos-de-nous\/"},"modified":"2021-03-16T13:39:07","modified_gmt":"2021-03-16T13:39:07","slug":"a-propos-de-nous","status":"publish","type":"page","link":"https:\/\/cellermpages.com\/fr\/a-propos-de-nous\/","title":{"rendered":"\u00c0 propos de nous"},"content":{"rendered":"\t\t<div data-elementor-type=\"wp-page\" data-elementor-id=\"1260\" class=\"elementor elementor-1260 elementor-15\">\n\t\t\t\t\t\t<section class=\"elementor-section elementor-top-section elementor-element elementor-element-e1a2ba5 elementor-section-boxed elementor-section-height-default elementor-section-height-default\" data-id=\"e1a2ba5\" data-element_type=\"section\">\n\t\t\t\t\t\t<div class=\"elementor-container elementor-column-gap-default\">\n\t\t\t\t\t<div class=\"elementor-column elementor-col-50 elementor-top-column elementor-element elementor-element-8446d2f\" data-id=\"8446d2f\" data-element_type=\"column\">\n\t\t\t<div class=\"elementor-widget-wrap elementor-element-populated\">\n\t\t\t\t\t\t<div class=\"elementor-element elementor-element-4243df3 elementor-widget elementor-widget-heading\" data-id=\"4243df3\" data-element_type=\"widget\" data-widget_type=\"heading.default\">\n\t\t\t\t<div class=\"elementor-widget-container\">\n\t\t\t\t\t<h2 class=\"elementor-heading-title elementor-size-default\">Lifetime Achievement enracin\u00e9e\n<\/h2>\t\t\t\t<\/div>\n\t\t\t\t<\/div>\n\t\t\t\t<div class=\"elementor-element elementor-element-b4a5440 elementor-widget elementor-widget-heading\" data-id=\"b4a5440\" data-element_type=\"widget\" data-widget_type=\"heading.default\">\n\t\t\t\t<div class=\"elementor-widget-container\">\n\t\t\t\t\t<h2 class=\"elementor-heading-title elementor-size-default\">L'histoire de la cave\n<\/h2>\t\t\t\t<\/div>\n\t\t\t\t<\/div>\n\t\t\t\t<div class=\"elementor-element elementor-element-b3de82a elementor-widget elementor-widget-text-editor\" data-id=\"b3de82a\" data-element_type=\"widget\" data-widget_type=\"text-editor.default\">\n\t\t\t\t<div class=\"elementor-widget-container\">\n\t\t\t\t\t\t\t\t\t<p>L&rsquo;activit\u00e9 vinicole de la cave <strong>Celler Mari\u00e0 Pag\u00e8s<\/strong> remonte \u00e0 l&rsquo;ann\u00e9e 1870, au milieu du 19\u00e8me si\u00e8cle. \u00abIniti\u00e9 par le grand-p\u00e8re Mariano, avec trois g\u00e9n\u00e9rations d&rsquo;antiquit\u00e9s\u00bb. <\/p>\n<p>Sous le parapluie de la marque <strong>Serrasagu\u00e9<\/strong> la cave a fonctionn\u00e9 commercialement depuis 1994.<\/p>\n<p>Elle a une capacit\u00e9 de production d&rsquo;environ 1.000 hectolitres et une production annuelle d&rsquo;environ 55.000 litres; produisant \u00e0 la fois des vins de qualit\u00e9: les rouges, les ros\u00e9s et les blancs comme crianza noire, un vin appr\u00e9ci\u00e9 par les consommateurs. Vous pouvez \u00e9galement mettre en \u00e9vidence des vins sucr\u00e9s tels que Garnacha et Muscat.<\/p>\n\t\t\t\t\t\t\t\t<\/div>\n\t\t\t\t<\/div>\n\t\t\t\t\t<\/div>\n\t\t<\/div>\n\t\t\t\t<div class=\"elementor-column elementor-col-50 elementor-top-column elementor-element elementor-element-77ab63e\" data-id=\"77ab63e\" data-element_type=\"column\">\n\t\t\t<div class=\"elementor-widget-wrap elementor-element-populated\">\n\t\t\t\t\t\t<div class=\"elementor-element elementor-element-111fac2 elementor-widget elementor-widget-image\" data-id=\"111fac2\" data-element_type=\"widget\" data-widget_type=\"image.default\">\n\t\t\t\t<div class=\"elementor-widget-container\">\n\t\t\t\t\t\t\t\t\t\t\t\t\t\t\t<img fetchpriority=\"high\" decoding=\"async\" width=\"450\" height=\"299\" src=\"https:\/\/cellermpages.com\/wp-content\/uploads\/2021\/02\/entrada_celler.jpg\" class=\"attachment-full size-full wp-image-949\" alt=\"Celler Mari\u00e0 Pag\u00e8s\" \/>\t\t\t\t\t\t\t\t\t\t\t\t\t\t\t<\/div>\n\t\t\t\t<\/div>\n\t\t\t\t\t<\/div>\n\t\t<\/div>\n\t\t\t\t\t<\/div>\n\t\t<\/section>\n\t\t\t\t<section class=\"elementor-section elementor-top-section elementor-element elementor-element-24fb943 elementor-section-boxed elementor-section-height-default elementor-section-height-default\" data-id=\"24fb943\" data-element_type=\"section\">\n\t\t\t\t\t\t<div class=\"elementor-container elementor-column-gap-default\">\n\t\t\t\t\t<div class=\"elementor-column elementor-col-100 elementor-top-column elementor-element elementor-element-45a95c8\" data-id=\"45a95c8\" data-element_type=\"column\">\n\t\t\t<div class=\"elementor-widget-wrap elementor-element-populated\">\n\t\t\t\t\t\t<div class=\"elementor-element elementor-element-71139bd elementor-widget elementor-widget-text-editor\" data-id=\"71139bd\" data-element_type=\"widget\" data-widget_type=\"text-editor.default\">\n\t\t\t\t<div class=\"elementor-widget-container\">\n\t\t\t\t\t\t\t\t\t<p>\u00c0 l&rsquo;int\u00e9rieur de la maison rurale de <em>Can Llibori<\/em>, une maison pittoresque du XIX\u00e8me si\u00e8cle, nous trouvons la cave vieillissante, o\u00f9 parmi ses murs de pierre, se trouve le vin le plus appr\u00e9ci\u00e9.<\/p>\n<p>La cave a re\u00e7u la distinction de la Chambre de commerce, l&rsquo;une des plus anciennes caves de Catalogne, en particulier plus de 125 ans d&rsquo;histoire.<\/p>\n<p>Si vous trouvez environ 50 barils de ch\u00eane am\u00e9ricain, fran\u00e7ais et hongrois avec plus de 20.000 bouteilles avec plus d&rsquo;un an de coexistence. En parcourant les caves, vous pouvez voir des reliques conserv\u00e9es au cours des ann\u00e9es.<\/p>\n\t\t\t\t\t\t\t\t<\/div>\n\t\t\t\t<\/div>\n\t\t\t\t\t<\/div>\n\t\t<\/div>\n\t\t\t\t\t<\/div>\n\t\t<\/section>\n\t\t\t\t<section class=\"elementor-section elementor-top-section elementor-element elementor-element-54e7317 elementor-section-boxed elementor-section-height-default elementor-section-height-default\" data-id=\"54e7317\" data-element_type=\"section\">\n\t\t\t\t\t\t<div class=\"elementor-container elementor-column-gap-default\">\n\t\t\t\t\t<div class=\"elementor-column elementor-col-100 elementor-top-column elementor-element elementor-element-ae96bd2\" data-id=\"ae96bd2\" data-element_type=\"column\">\n\t\t\t<div class=\"elementor-widget-wrap elementor-element-populated\">\n\t\t\t\t\t\t<div class=\"elementor-element elementor-element-c28e50c gallery-spacing-custom elementor-widget elementor-widget-image-gallery\" data-id=\"c28e50c\" data-element_type=\"widget\" data-widget_type=\"image-gallery.default\">\n\t\t\t\t<div class=\"elementor-widget-container\">\n\t\t\t\t\t\t\t<div class=\"elementor-image-gallery\">\n\t\t\t<div id='gallery-1' class='gallery galleryid-1260 gallery-columns-3 gallery-size-full'><figure class='gallery-item'>\n\t\t\t<div class='gallery-icon landscape'>\n\t\t\t\t<a data-elementor-open-lightbox=\"yes\" data-elementor-lightbox-slideshow=\"c28e50c\" data-elementor-lightbox-title=\"Celler Mari\u00e0 Pag\u00e8s\" data-e-action-hash=\"#elementor-action%3Aaction%3Dlightbox%26settings%3DeyJpZCI6OTUyLCJ1cmwiOiJodHRwczpcL1wvY2VsbGVybXBhZ2VzLmNvbVwvd3AtY29udGVudFwvdXBsb2Fkc1wvMjAyMVwvMDJcL2NlbGxlci1jcmlhbmNhMS5qcGciLCJzbGlkZXNob3ciOiJjMjhlNTBjIn0%3D\" href='https:\/\/cellermpages.com\/wp-content\/uploads\/2021\/02\/celler-crianca1.jpg'><img decoding=\"async\" width=\"520\" height=\"360\" src=\"https:\/\/cellermpages.com\/wp-content\/uploads\/2021\/02\/celler-crianca1.jpg\" class=\"attachment-full size-full\" alt=\"Celler Mari\u00e0 Pag\u00e8s\" \/><\/a>\n\t\t\t<\/div><\/figure><figure class='gallery-item'>\n\t\t\t<div class='gallery-icon landscape'>\n\t\t\t\t<a data-elementor-open-lightbox=\"yes\" data-elementor-lightbox-slideshow=\"c28e50c\" data-elementor-lightbox-title=\"Celler Mari\u00e0 Pag\u00e8s\" data-e-action-hash=\"#elementor-action%3Aaction%3Dlightbox%26settings%3DeyJpZCI6OTU1LCJ1cmwiOiJodHRwczpcL1wvY2VsbGVybXBhZ2VzLmNvbVwvd3AtY29udGVudFwvdXBsb2Fkc1wvMjAyMVwvMDJcL2NlbGxlci1jcmlhbmNhMi5qcGciLCJzbGlkZXNob3ciOiJjMjhlNTBjIn0%3D\" href='https:\/\/cellermpages.com\/wp-content\/uploads\/2021\/02\/celler-crianca2.jpg'><img decoding=\"async\" width=\"520\" height=\"360\" src=\"https:\/\/cellermpages.com\/wp-content\/uploads\/2021\/02\/celler-crianca2.jpg\" class=\"attachment-full size-full\" alt=\"Celler Mari\u00e0 Pag\u00e8s\" \/><\/a>\n\t\t\t<\/div><\/figure><figure class='gallery-item'>\n\t\t\t<div class='gallery-icon landscape'>\n\t\t\t\t<a data-elementor-open-lightbox=\"yes\" data-elementor-lightbox-slideshow=\"c28e50c\" data-elementor-lightbox-title=\"Celler Mari\u00e0 Pag\u00e8s\" data-e-action-hash=\"#elementor-action%3Aaction%3Dlightbox%26settings%3DeyJpZCI6OTU4LCJ1cmwiOiJodHRwczpcL1wvY2VsbGVybXBhZ2VzLmNvbVwvd3AtY29udGVudFwvdXBsb2Fkc1wvMjAyMVwvMDJcL2NlbGxlci1jcmlhbmNhNC5qcGciLCJzbGlkZXNob3ciOiJjMjhlNTBjIn0%3D\" href='https:\/\/cellermpages.com\/wp-content\/uploads\/2021\/02\/celler-crianca4.jpg'><img loading=\"lazy\" decoding=\"async\" width=\"520\" height=\"360\" src=\"https:\/\/cellermpages.com\/wp-content\/uploads\/2021\/02\/celler-crianca4.jpg\" class=\"attachment-full size-full\" alt=\"Celler Mari\u00e0 Pag\u00e8s\" \/><\/a>\n\t\t\t<\/div><\/figure><figure class='gallery-item'>\n\t\t\t<div class='gallery-icon landscape'>\n\t\t\t\t<a data-elementor-open-lightbox=\"yes\" data-elementor-lightbox-slideshow=\"c28e50c\" data-elementor-lightbox-title=\"Celler Mari\u00e0 Pag\u00e8s\" data-e-action-hash=\"#elementor-action%3Aaction%3Dlightbox%26settings%3DeyJpZCI6OTYxLCJ1cmwiOiJodHRwczpcL1wvY2VsbGVybXBhZ2VzLmNvbVwvd3AtY29udGVudFwvdXBsb2Fkc1wvMjAyMVwvMDJcL2NlbGxlci1jcmlhbmNhMTAuanBnIiwic2xpZGVzaG93IjoiYzI4ZTUwYyJ9\" href='https:\/\/cellermpages.com\/wp-content\/uploads\/2021\/02\/celler-crianca10.jpg'><img loading=\"lazy\" decoding=\"async\" width=\"520\" height=\"360\" src=\"https:\/\/cellermpages.com\/wp-content\/uploads\/2021\/02\/celler-crianca10.jpg\" class=\"attachment-full size-full\" alt=\"Celler Mari\u00e0 Pag\u00e8s\" \/><\/a>\n\t\t\t<\/div><\/figure><figure class='gallery-item'>\n\t\t\t<div class='gallery-icon landscape'>\n\t\t\t\t<a data-elementor-open-lightbox=\"yes\" data-elementor-lightbox-slideshow=\"c28e50c\" data-elementor-lightbox-title=\"Celler Mari\u00e0 Pag\u00e8s\" data-e-action-hash=\"#elementor-action%3Aaction%3Dlightbox%26settings%3DeyJpZCI6OTY0LCJ1cmwiOiJodHRwczpcL1wvY2VsbGVybXBhZ2VzLmNvbVwvd3AtY29udGVudFwvdXBsb2Fkc1wvMjAyMVwvMDJcL2NlbGxlci1jcmlhbmNhMTEuanBnIiwic2xpZGVzaG93IjoiYzI4ZTUwYyJ9\" href='https:\/\/cellermpages.com\/wp-content\/uploads\/2021\/02\/celler-crianca11.jpg'><img loading=\"lazy\" decoding=\"async\" width=\"520\" height=\"360\" src=\"https:\/\/cellermpages.com\/wp-content\/uploads\/2021\/02\/celler-crianca11.jpg\" class=\"attachment-full size-full\" alt=\"Celler Mari\u00e0 Pag\u00e8s\" \/><\/a>\n\t\t\t<\/div><\/figure><figure class='gallery-item'>\n\t\t\t<div class='gallery-icon landscape'>\n\t\t\t\t<a data-elementor-open-lightbox=\"yes\" data-elementor-lightbox-slideshow=\"c28e50c\" data-elementor-lightbox-title=\"Celler Mari\u00e0 Pag\u00e8s\" data-e-action-hash=\"#elementor-action%3Aaction%3Dlightbox%26settings%3DeyJpZCI6OTY3LCJ1cmwiOiJodHRwczpcL1wvY2VsbGVybXBhZ2VzLmNvbVwvd3AtY29udGVudFwvdXBsb2Fkc1wvMjAyMVwvMDJcL2NlbGxlci1lbGVib3JhY2lvMS5qcGciLCJzbGlkZXNob3ciOiJjMjhlNTBjIn0%3D\" href='https:\/\/cellermpages.com\/wp-content\/uploads\/2021\/02\/celler-eleboracio1.jpg'><img loading=\"lazy\" decoding=\"async\" width=\"520\" height=\"360\" src=\"https:\/\/cellermpages.com\/wp-content\/uploads\/2021\/02\/celler-eleboracio1.jpg\" class=\"attachment-full size-full\" alt=\"Celler Mari\u00e0 Pag\u00e8s\" \/><\/a>\n\t\t\t<\/div><\/figure><figure class='gallery-item'>\n\t\t\t<div class='gallery-icon landscape'>\n\t\t\t\t<a data-elementor-open-lightbox=\"yes\" data-elementor-lightbox-slideshow=\"c28e50c\" data-elementor-lightbox-title=\"Celler Mari\u00e0 Pag\u00e8s\" data-e-action-hash=\"#elementor-action%3Aaction%3Dlightbox%26settings%3DeyJpZCI6OTcwLCJ1cmwiOiJodHRwczpcL1wvY2VsbGVybXBhZ2VzLmNvbVwvd3AtY29udGVudFwvdXBsb2Fkc1wvMjAyMVwvMDJcL2NlbGxlci1lbGVib3JhY2lvMi5qcGciLCJzbGlkZXNob3ciOiJjMjhlNTBjIn0%3D\" href='https:\/\/cellermpages.com\/wp-content\/uploads\/2021\/02\/celler-eleboracio2.jpg'><img loading=\"lazy\" decoding=\"async\" width=\"520\" height=\"360\" src=\"https:\/\/cellermpages.com\/wp-content\/uploads\/2021\/02\/celler-eleboracio2.jpg\" class=\"attachment-full size-full\" alt=\"Celler Mari\u00e0 Pag\u00e8s\" \/><\/a>\n\t\t\t<\/div><\/figure><figure class='gallery-item'>\n\t\t\t<div class='gallery-icon landscape'>\n\t\t\t\t<a data-elementor-open-lightbox=\"yes\" data-elementor-lightbox-slideshow=\"c28e50c\" data-elementor-lightbox-title=\"Celler Mari\u00e0 Pag\u00e8s\" data-e-action-hash=\"#elementor-action%3Aaction%3Dlightbox%26settings%3DeyJpZCI6OTczLCJ1cmwiOiJodHRwczpcL1wvY2VsbGVybXBhZ2VzLmNvbVwvd3AtY29udGVudFwvdXBsb2Fkc1wvMjAyMVwvMDJcL2NlbGxlci1lbGVib3JhY2lvMy5qcGciLCJzbGlkZXNob3ciOiJjMjhlNTBjIn0%3D\" href='https:\/\/cellermpages.com\/wp-content\/uploads\/2021\/02\/celler-eleboracio3.jpg'><img loading=\"lazy\" decoding=\"async\" width=\"520\" height=\"360\" src=\"https:\/\/cellermpages.com\/wp-content\/uploads\/2021\/02\/celler-eleboracio3.jpg\" class=\"attachment-full size-full\" alt=\"Celler Mari\u00e0 Pag\u00e8s\" \/><\/a>\n\t\t\t<\/div><\/figure><figure class='gallery-item'>\n\t\t\t<div class='gallery-icon landscape'>\n\t\t\t\t<a data-elementor-open-lightbox=\"yes\" data-elementor-lightbox-slideshow=\"c28e50c\" data-elementor-lightbox-title=\"Celler Mari\u00e0 Pag\u00e8s\" data-e-action-hash=\"#elementor-action%3Aaction%3Dlightbox%26settings%3DeyJpZCI6OTc2LCJ1cmwiOiJodHRwczpcL1wvY2VsbGVybXBhZ2VzLmNvbVwvd3AtY29udGVudFwvdXBsb2Fkc1wvMjAyMVwvMDJcL2NlbGxlci1lbGVib3JhY2lvNC5qcGciLCJzbGlkZXNob3ciOiJjMjhlNTBjIn0%3D\" href='https:\/\/cellermpages.com\/wp-content\/uploads\/2021\/02\/celler-eleboracio4.jpg'><img loading=\"lazy\" decoding=\"async\" width=\"520\" height=\"360\" src=\"https:\/\/cellermpages.com\/wp-content\/uploads\/2021\/02\/celler-eleboracio4.jpg\" class=\"attachment-full size-full\" alt=\"Celler Mari\u00e0 Pag\u00e8s\" \/><\/a>\n\t\t\t<\/div><\/figure>\n\t\t<\/div>\n\t\t<\/div>\n\t\t\t\t\t\t<\/div>\n\t\t\t\t<\/div>\n\t\t\t\t\t<\/div>\n\t\t<\/div>\n\t\t\t\t\t<\/div>\n\t\t<\/section>\n\t\t\t\t<\/div>\n\t\t","protected":false},"excerpt":{"rendered":"<p>Lifetime Achievement enracin\u00e9e L&rsquo;histoire de la cave L&rsquo;activit\u00e9 vinicole de la cave Celler Mari\u00e0 Pag\u00e8s remonte \u00e0 l&rsquo;ann\u00e9e 1870, au milieu du 19\u00e8me si\u00e8cle. \u00abIniti\u00e9&hellip;<\/p>\n","protected":false},"author":1,"featured_media":844,"parent":0,"menu_order":0,"comment_status":"closed","ping_status":"closed","template":"","meta":{"footnotes":""},"class_list":["post-1260","page","type-page","status-publish","has-post-thumbnail","hentry"],"_links":{"self":[{"href":"https:\/\/cellermpages.com\/fr\/wp-json\/wp\/v2\/pages\/1260","targetHints":{"allow":["GET"]}}],"collection":[{"href":"https:\/\/cellermpages.com\/fr\/wp-json\/wp\/v2\/pages"}],"about":[{"href":"https:\/\/cellermpages.com\/fr\/wp-json\/wp\/v2\/types\/page"}],"author":[{"embeddable":true,"href":"https:\/\/cellermpages.com\/fr\/wp-json\/wp\/v2\/users\/1"}],"replies":[{"embeddable":true,"href":"https:\/\/cellermpages.com\/fr\/wp-json\/wp\/v2\/comments?post=1260"}],"version-history":[{"count":0,"href":"https:\/\/cellermpages.com\/fr\/wp-json\/wp\/v2\/pages\/1260\/revisions"}],"wp:featuredmedia":[{"embeddable":true,"href":"https:\/\/cellermpages.com\/fr\/wp-json\/wp\/v2\/media\/844"}],"wp:attachment":[{"href":"https:\/\/cellermpages.com\/fr\/wp-json\/wp\/v2\/media?parent=1260"}],"curies":[{"name":"wp","href":"https:\/\/api.w.org\/{rel}","templated":true}]}}