{"id":1161,"date":"2021-02-25T15:03:40","date_gmt":"2021-02-25T15:03:40","guid":{"rendered":"https:\/\/cellermpages.com\/producte\/maria-pages-moscat-demporda\/"},"modified":"2026-03-02T10:50:16","modified_gmt":"2026-03-02T10:50:16","slug":"maria-pages-moscat-demporda","status":"publish","type":"product","link":"https:\/\/cellermpages.com\/fr\/producte\/maria-pages-moscat-demporda\/","title":{"rendered":"Mari\u00e0 Pag\u00e8s Moscat d&rsquo;Empord\u00e0"},"content":{"rendered":"<p>&nbsp;<\/p>\n<table class=\"table table-hover\">\n<tbody>\n<tr>\n<th>Varietats<\/th>\n<td>Moscat Alexandria<\/td>\n<\/tr>\n<tr>\n<th>Graus<\/th>\n<td>15&rsquo;5% Vol.<\/td>\n<\/tr>\n<tr>\n<th>Tast<\/th>\n<td>Color palla brillant. Aroma fruita escarxada, fruita al licor, notes amelades. Boca saborosa, potent, dol\u00e7, carn\u00f3s.<\/td>\n<\/tr>\n<\/tbody>\n<\/table>\n<p><img decoding=\"async\" class=\"alignnone wp-image-898 size-full\" src=\"https:\/\/cellermpages.com\/wp-content\/uploads\/2021\/02\/icon_queso.png\" alt=\"\" width=\"40\" height=\"40\" \/> <img decoding=\"async\" class=\"alignnone wp-image-877 size-full\" src=\"https:\/\/cellermpages.com\/wp-content\/uploads\/2021\/02\/icon_pates.png\" alt=\"\" width=\"40\" height=\"40\" \/> <img decoding=\"async\" class=\"alignnone wp-image-919 size-full\" src=\"https:\/\/cellermpages.com\/wp-content\/uploads\/2021\/02\/icon_postres.png\" alt=\"\" width=\"40\" height=\"40\" \/><\/p>\n","protected":false},"excerpt":{"rendered":"<p>&nbsp; Varietats Moscat Alexandria Graus 15&rsquo;5% Vol. Tast Color palla brillant. Aroma fruita escarxada, fruita al licor, notes amelades. Boca saborosa, potent, dol\u00e7, carn\u00f3s.<\/p>\n","protected":false},"featured_media":928,"comment_status":"open","ping_status":"closed","template":"","meta":[],"product_brand":[],"product_cat":[67],"product_tag":[73],"class_list":{"0":"post-1161","1":"product","2":"type-product","3":"status-publish","4":"has-post-thumbnail","6":"product_cat-vins-doux","7":"product_tag-vin-doux","9":"first","10":"instock","11":"featured","12":"shipping-taxable","13":"product-type-simple","14":"customify-col"},"_links":{"self":[{"href":"https:\/\/cellermpages.com\/fr\/wp-json\/wp\/v2\/product\/1161","targetHints":{"allow":["GET"]}}],"collection":[{"href":"https:\/\/cellermpages.com\/fr\/wp-json\/wp\/v2\/product"}],"about":[{"href":"https:\/\/cellermpages.com\/fr\/wp-json\/wp\/v2\/types\/product"}],"replies":[{"embeddable":true,"href":"https:\/\/cellermpages.com\/fr\/wp-json\/wp\/v2\/comments?post=1161"}],"wp:featuredmedia":[{"embeddable":true,"href":"https:\/\/cellermpages.com\/fr\/wp-json\/wp\/v2\/media\/928"}],"wp:attachment":[{"href":"https:\/\/cellermpages.com\/fr\/wp-json\/wp\/v2\/media?parent=1161"}],"wp:term":[{"taxonomy":"product_brand","embeddable":true,"href":"https:\/\/cellermpages.com\/fr\/wp-json\/wp\/v2\/product_brand?post=1161"},{"taxonomy":"product_cat","embeddable":true,"href":"https:\/\/cellermpages.com\/fr\/wp-json\/wp\/v2\/product_cat?post=1161"},{"taxonomy":"product_tag","embeddable":true,"href":"https:\/\/cellermpages.com\/fr\/wp-json\/wp\/v2\/product_tag?post=1161"}],"curies":[{"name":"wp","href":"https:\/\/api.w.org\/{rel}","templated":true}]}}