{"id":1162,"date":"2021-02-25T15:01:18","date_gmt":"2021-03-16T11:57:19","guid":{"rendered":"https:\/\/cellermpages.com\/producte\/garnatxa-solera-maria-pages\/"},"modified":"2021-05-17T11:32:36","modified_gmt":"2021-05-17T11:32:36","slug":"garnatxa-solera-maria-pages","status":"publish","type":"product","link":"https:\/\/cellermpages.com\/fr\/producte\/garnatxa-solera-maria-pages\/","title":{"rendered":"Garnatxa Solera l&rsquo;\u00c0vi Mari\u00e0 Pag\u00e8s"},"content":{"rendered":"<p><strong>&#8211; <span style=\"color: #800000;\">Guia de Vinos Gourmets 2019<\/span>: 95 punts<br \/>\n<\/strong><strong>&#8211; <span style=\"color: #800000;\">Premios Akatavino Civas 2019<\/span>: 94 punts i medalla Civas d&rsquo;or.<br \/>\n<\/strong><strong>&#8211; <span style=\"color: #800000;\">Guia Pe\u00f1in 2020<\/span>: 93 punts.<br \/>\n<\/strong><strong>&#8211; <span style=\"color: #800000;\">GUIA GOURMETS 2020<\/span>: 90 punts.<\/strong><\/p>\n<table class=\"table table-hover\">\n<tbody>\n<tr>\n<th>Vari\u00e9t\u00e9s<\/th>\n<td>50% Grenache noir et 50% Grenache blanch<\/td>\n<\/tr>\n<tr>\n<th>Degr\u00e9<\/th>\n<td>15&rsquo;5% Vol.<\/td>\n<\/tr>\n<tr>\n<th>D\u00e9gustation<\/th>\n<td>Bien s\u00fbr acajou. Escarxada ar\u00f4me de fruits, amandes grill\u00e9es, d&rsquo;\u00e9pices douces, vernis brun caramel. D\u00e9couvrez la d\u00e9licieuse, sucr\u00e9e et grasse.<\/td>\n<\/tr>\n<\/tbody>\n<\/table>\n<p><img decoding=\"async\" class=\"alignnone wp-image-898 size-full\" src=\"https:\/\/cellermpages.com\/wp-content\/uploads\/2021\/02\/icon_queso.png\" alt=\"\" width=\"40\" height=\"40\" \/> <img decoding=\"async\" class=\"alignnone wp-image-877 size-full\" src=\"https:\/\/cellermpages.com\/wp-content\/uploads\/2021\/02\/icon_pates.png\" alt=\"\" width=\"40\" height=\"40\" \/> <img decoding=\"async\" class=\"alignnone wp-image-919 size-full\" src=\"https:\/\/cellermpages.com\/wp-content\/uploads\/2021\/02\/icon_postres.png\" alt=\"\" width=\"40\" height=\"40\" \/><\/p>\n","protected":false},"excerpt":{"rendered":"<p>Solera de 21 ans dans le barrique. 95 punts a la Guia de Vinos Gourmets 2019.<\/p>\n","protected":false},"featured_media":925,"comment_status":"open","ping_status":"closed","template":"","meta":[],"product_brand":[],"product_cat":[67],"product_tag":[73],"class_list":{"0":"post-1162","1":"product","2":"type-product","3":"status-publish","4":"has-post-thumbnail","6":"product_cat-vins-doux","7":"product_tag-vin-doux","9":"first","10":"instock","11":"featured","12":"shipping-taxable","13":"product-type-simple","14":"customify-col"},"_links":{"self":[{"href":"https:\/\/cellermpages.com\/fr\/wp-json\/wp\/v2\/product\/1162","targetHints":{"allow":["GET"]}}],"collection":[{"href":"https:\/\/cellermpages.com\/fr\/wp-json\/wp\/v2\/product"}],"about":[{"href":"https:\/\/cellermpages.com\/fr\/wp-json\/wp\/v2\/types\/product"}],"replies":[{"embeddable":true,"href":"https:\/\/cellermpages.com\/fr\/wp-json\/wp\/v2\/comments?post=1162"}],"wp:featuredmedia":[{"embeddable":true,"href":"https:\/\/cellermpages.com\/fr\/wp-json\/wp\/v2\/media\/925"}],"wp:attachment":[{"href":"https:\/\/cellermpages.com\/fr\/wp-json\/wp\/v2\/media?parent=1162"}],"wp:term":[{"taxonomy":"product_brand","embeddable":true,"href":"https:\/\/cellermpages.com\/fr\/wp-json\/wp\/v2\/product_brand?post=1162"},{"taxonomy":"product_cat","embeddable":true,"href":"https:\/\/cellermpages.com\/fr\/wp-json\/wp\/v2\/product_cat?post=1162"},{"taxonomy":"product_tag","embeddable":true,"href":"https:\/\/cellermpages.com\/fr\/wp-json\/wp\/v2\/product_tag?post=1162"}],"curies":[{"name":"wp","href":"https:\/\/api.w.org\/{rel}","templated":true}]}}