{"id":1164,"date":"2021-02-25T14:58:18","date_gmt":"2021-02-25T14:58:18","guid":{"rendered":"https:\/\/cellermpages.com\/producte\/maria-pages-garnatxa-demporda\/"},"modified":"2026-03-02T10:55:15","modified_gmt":"2026-03-02T10:55:15","slug":"maria-pages-garnatxa-demporda","status":"publish","type":"product","link":"https:\/\/cellermpages.com\/fr\/producte\/maria-pages-garnatxa-demporda\/","title":{"rendered":"Mari\u00e0 Pag\u00e8s Garnatxa d&rsquo;Empord\u00e0"},"content":{"rendered":"<p>&nbsp;<\/p>\n<table class=\"table table-hover\">\n<tbody>\n<tr>\n<th>Vari\u00e9t\u00e9s<\/th>\n<td>Grenache noir et blanc<\/td>\n<\/tr>\n<tr>\n<th>Degr\u00e9<\/th>\n<td>15&rsquo;5% Vol.<\/td>\n<\/tr>\n<tr>\n<th>D\u00e9gustation<\/th>\n<td>Bien s\u00fbr acajou. Escarxada ar\u00f4me de fruits, amandes grill\u00e9es, d&rsquo;\u00e9pices douces, vernis brun caramel. D\u00e9couvrez la d\u00e9licieuse, sucr\u00e9e et grasse.<\/td>\n<\/tr>\n<\/tbody>\n<\/table>\n<p><img decoding=\"async\" class=\"alignnone wp-image-898 size-full\" src=\"https:\/\/cellermpages.com\/wp-content\/uploads\/2021\/02\/icon_queso.png\" alt=\"\" width=\"40\" height=\"40\" \/> <img decoding=\"async\" class=\"alignnone wp-image-877 size-full\" src=\"https:\/\/cellermpages.com\/wp-content\/uploads\/2021\/02\/icon_pates.png\" alt=\"\" width=\"40\" height=\"40\" \/> <img decoding=\"async\" class=\"alignnone wp-image-919 size-full\" src=\"https:\/\/cellermpages.com\/wp-content\/uploads\/2021\/02\/icon_postres.png\" alt=\"\" width=\"40\" height=\"40\" \/><\/p>\n","protected":false},"excerpt":{"rendered":"<p>Grenache jeune. Double gold medal Grenaches du Monde 2025<\/p>\n","protected":false},"featured_media":922,"comment_status":"open","ping_status":"closed","template":"","meta":[],"product_brand":[],"product_cat":[67],"product_tag":[73],"class_list":{"0":"post-1164","1":"product","2":"type-product","3":"status-publish","4":"has-post-thumbnail","6":"product_cat-vins-doux","7":"product_tag-vin-doux","9":"first","10":"instock","11":"featured","12":"shipping-taxable","13":"product-type-simple","14":"customify-col","15":"product-has-gallery"},"_links":{"self":[{"href":"https:\/\/cellermpages.com\/fr\/wp-json\/wp\/v2\/product\/1164","targetHints":{"allow":["GET"]}}],"collection":[{"href":"https:\/\/cellermpages.com\/fr\/wp-json\/wp\/v2\/product"}],"about":[{"href":"https:\/\/cellermpages.com\/fr\/wp-json\/wp\/v2\/types\/product"}],"replies":[{"embeddable":true,"href":"https:\/\/cellermpages.com\/fr\/wp-json\/wp\/v2\/comments?post=1164"}],"wp:featuredmedia":[{"embeddable":true,"href":"https:\/\/cellermpages.com\/fr\/wp-json\/wp\/v2\/media\/922"}],"wp:attachment":[{"href":"https:\/\/cellermpages.com\/fr\/wp-json\/wp\/v2\/media?parent=1164"}],"wp:term":[{"taxonomy":"product_brand","embeddable":true,"href":"https:\/\/cellermpages.com\/fr\/wp-json\/wp\/v2\/product_brand?post=1164"},{"taxonomy":"product_cat","embeddable":true,"href":"https:\/\/cellermpages.com\/fr\/wp-json\/wp\/v2\/product_cat?post=1164"},{"taxonomy":"product_tag","embeddable":true,"href":"https:\/\/cellermpages.com\/fr\/wp-json\/wp\/v2\/product_tag?post=1164"}],"curies":[{"name":"wp","href":"https:\/\/api.w.org\/{rel}","templated":true}]}}