{"id":1169,"date":"2021-02-25T14:41:20","date_gmt":"2021-03-16T12:05:32","guid":{"rendered":"https:\/\/cellermpages.com\/producte\/serrasague-rose-2019\/"},"modified":"2024-05-14T13:52:19","modified_gmt":"2024-05-14T13:52:19","slug":"serrasague-rosat","status":"publish","type":"product","link":"https:\/\/cellermpages.com\/fr\/producte\/serrasague-rosat\/","title":{"rendered":"Serrasagu\u00e9 ros\u00e9 2023"},"content":{"rendered":"<table class=\"table table-hover\">\n<tbody>\n<tr>\n<th>Vari\u00e9t\u00e9s<\/th>\n<td>Tempranillo et Merlot.<\/td>\n<\/tr>\n<tr>\n<th>Degr\u00e9<\/th>\n<td>13% Vol.<\/td>\n<\/tr>\n<tr>\n<th>Temp\u00e9rature<\/th>\n<td>Servir \u00e0 une temp\u00e9rature de 6 \u00e0 8\u00b0C<\/td>\n<\/tr>\n<tr>\n<th>D\u00e9gustation<\/th>\n<td>Cela laissera votre bouche rose humide une chaleur douce qui rappelle les ar\u00f4mes francs de fruits qui en a r\u00e9sult\u00e9.<\/td>\n<\/tr>\n<\/tbody>\n<\/table>\n<p><img decoding=\"async\" class=\"alignnone wp-image-901 size-full\" src=\"https:\/\/cellermpages.com\/wp-content\/uploads\/2021\/02\/icon_marisco.png\" alt=\"\" width=\"40\" height=\"40\" \/> <img decoding=\"async\" class=\"alignnone wp-image-898 size-full\" src=\"https:\/\/cellermpages.com\/wp-content\/uploads\/2021\/02\/icon_queso.png\" alt=\"\" width=\"40\" height=\"40\" \/> <img decoding=\"async\" class=\"alignnone wp-image-895 size-full\" src=\"https:\/\/cellermpages.com\/wp-content\/uploads\/2021\/02\/icon_pescado.png\" alt=\"\" width=\"40\" height=\"40\" \/> <img loading=\"lazy\" decoding=\"async\" class=\"alignnone wp-image-871 size-full\" src=\"https:\/\/cellermpages.com\/wp-content\/uploads\/2021\/02\/icon_ave.png\" alt=\"\" width=\"40\" height=\"40\" \/> <img loading=\"lazy\" decoding=\"async\" class=\"alignnone wp-image-868 size-full\" src=\"https:\/\/cellermpages.com\/wp-content\/uploads\/2021\/02\/icon_arroz.png\" alt=\"\" width=\"40\" height=\"40\" \/><\/p>\n","protected":false},"excerpt":{"rendered":"<p>Vin jeune du mill\u00e9sime 2023<\/p>\n","protected":false},"featured_media":1512,"comment_status":"open","ping_status":"closed","template":"","meta":[],"product_brand":[],"product_cat":[65],"product_tag":[75],"class_list":{"0":"post-1169","1":"product","2":"type-product","3":"status-publish","4":"has-post-thumbnail","6":"product_cat-serrassaguee-2023","7":"product_tag-vin-rose","9":"first","10":"instock","11":"featured","12":"shipping-taxable","13":"product-type-simple","14":"customify-col"},"_links":{"self":[{"href":"https:\/\/cellermpages.com\/fr\/wp-json\/wp\/v2\/product\/1169","targetHints":{"allow":["GET"]}}],"collection":[{"href":"https:\/\/cellermpages.com\/fr\/wp-json\/wp\/v2\/product"}],"about":[{"href":"https:\/\/cellermpages.com\/fr\/wp-json\/wp\/v2\/types\/product"}],"replies":[{"embeddable":true,"href":"https:\/\/cellermpages.com\/fr\/wp-json\/wp\/v2\/comments?post=1169"}],"wp:featuredmedia":[{"embeddable":true,"href":"https:\/\/cellermpages.com\/fr\/wp-json\/wp\/v2\/media\/1512"}],"wp:attachment":[{"href":"https:\/\/cellermpages.com\/fr\/wp-json\/wp\/v2\/media?parent=1169"}],"wp:term":[{"taxonomy":"product_brand","embeddable":true,"href":"https:\/\/cellermpages.com\/fr\/wp-json\/wp\/v2\/product_brand?post=1169"},{"taxonomy":"product_cat","embeddable":true,"href":"https:\/\/cellermpages.com\/fr\/wp-json\/wp\/v2\/product_cat?post=1169"},{"taxonomy":"product_tag","embeddable":true,"href":"https:\/\/cellermpages.com\/fr\/wp-json\/wp\/v2\/product_tag?post=1169"}],"curies":[{"name":"wp","href":"https:\/\/api.w.org\/{rel}","templated":true}]}}