{"id":1170,"date":"2021-02-25T14:35:59","date_gmt":"2021-03-16T12:06:48","guid":{"rendered":"https:\/\/cellermpages.com\/producte\/rosa-t\/"},"modified":"2024-05-14T13:43:28","modified_gmt":"2024-05-14T13:43:28","slug":"rosa-t","status":"publish","type":"product","link":"https:\/\/cellermpages.com\/fr\/producte\/rosa-t\/","title":{"rendered":"Rosa-T"},"content":{"rendered":"<table class=\"table table-hover\">\n<tbody>\n<tr>\n<th>Vari\u00e9t\u00e9s<\/th>\n<td>100% Grenache noir.<\/td>\n<\/tr>\n<tr>\n<th>Degr\u00e9<\/th>\n<td>13% Vol.<\/td>\n<\/tr>\n<tr>\n<th>Temp\u00e9rature<\/th>\n<td>Servir \u00e0 une temp\u00e9rature de 7 a 10\u00baC<\/td>\n<\/tr>\n<tr>\n<th>D\u00e9gustation<\/th>\n<td>Intense couleur cerise. Nez floral et fruit\u00e9. Saveur douce et \u00e9quilibr\u00e9e avec une belle structure acide enrichi avec des parfums de fruits rouges.<\/td>\n<\/tr>\n<\/tbody>\n<\/table>\n<p><img decoding=\"async\" class=\"alignnone wp-image-898 size-full\" src=\"https:\/\/cellermpages.com\/wp-content\/uploads\/2021\/02\/icon_queso.png\" alt=\"\" width=\"40\" height=\"40\" \/> <img decoding=\"async\" class=\"alignnone wp-image-871 size-full\" src=\"https:\/\/cellermpages.com\/wp-content\/uploads\/2021\/02\/icon_ave.png\" alt=\"\" width=\"40\" height=\"40\" \/> <img decoding=\"async\" class=\"alignnone wp-image-901 size-full\" src=\"https:\/\/cellermpages.com\/wp-content\/uploads\/2021\/02\/icon_marisco.png\" alt=\"\" width=\"40\" height=\"40\" \/> <img loading=\"lazy\" decoding=\"async\" class=\"alignnone wp-image-868 size-full\" src=\"https:\/\/cellermpages.com\/wp-content\/uploads\/2021\/02\/icon_arroz.png\" alt=\"\" width=\"40\" height=\"40\" \/> <img loading=\"lazy\" decoding=\"async\" class=\"alignnone wp-image-895 size-full\" src=\"https:\/\/cellermpages.com\/wp-content\/uploads\/2021\/02\/icon_pescado.png\" alt=\"\" width=\"40\" height=\"40\" \/><\/p>\n<p>&nbsp;<\/p>\n","protected":false},"excerpt":{"rendered":"<p>Vin jeune mill\u00e9sime 2023<\/p>\n","protected":false},"featured_media":892,"comment_status":"open","ping_status":"closed","template":"","meta":[],"product_brand":[],"product_cat":[68],"product_tag":[75],"class_list":{"0":"post-1170","1":"product","2":"type-product","3":"status-publish","4":"has-post-thumbnail","6":"product_cat-jeune-vins","7":"product_tag-vin-rose","9":"first","10":"instock","11":"featured","12":"shipping-taxable","13":"product-type-simple","14":"customify-col","15":"product-has-gallery"},"_links":{"self":[{"href":"https:\/\/cellermpages.com\/fr\/wp-json\/wp\/v2\/product\/1170","targetHints":{"allow":["GET"]}}],"collection":[{"href":"https:\/\/cellermpages.com\/fr\/wp-json\/wp\/v2\/product"}],"about":[{"href":"https:\/\/cellermpages.com\/fr\/wp-json\/wp\/v2\/types\/product"}],"replies":[{"embeddable":true,"href":"https:\/\/cellermpages.com\/fr\/wp-json\/wp\/v2\/comments?post=1170"}],"wp:featuredmedia":[{"embeddable":true,"href":"https:\/\/cellermpages.com\/fr\/wp-json\/wp\/v2\/media\/892"}],"wp:attachment":[{"href":"https:\/\/cellermpages.com\/fr\/wp-json\/wp\/v2\/media?parent=1170"}],"wp:term":[{"taxonomy":"product_brand","embeddable":true,"href":"https:\/\/cellermpages.com\/fr\/wp-json\/wp\/v2\/product_brand?post=1170"},{"taxonomy":"product_cat","embeddable":true,"href":"https:\/\/cellermpages.com\/fr\/wp-json\/wp\/v2\/product_cat?post=1170"},{"taxonomy":"product_tag","embeddable":true,"href":"https:\/\/cellermpages.com\/fr\/wp-json\/wp\/v2\/product_tag?post=1170"}],"curies":[{"name":"wp","href":"https:\/\/api.w.org\/{rel}","templated":true}]}}