{"id":1725,"date":"2021-02-25T14:53:11","date_gmt":"2022-04-20T13:32:54","guid":{"rendered":"https:\/\/cellermpages.com\/producte\/vinya-de-lhort-2\/"},"modified":"2024-05-14T13:42:08","modified_gmt":"2024-05-14T13:42:08","slug":"vinya-de-lhort","status":"publish","type":"product","link":"https:\/\/cellermpages.com\/fr\/producte\/vinya-de-lhort\/","title":{"rendered":"Vinya de l&rsquo;Hort"},"content":{"rendered":"<table class=\"table table-hover\">\n<tbody>\n<tr>\n<th>Vari\u00e9t\u00e9s<\/th>\n<td>Grenache blanc et Grenache rouge.<\/td>\n<\/tr>\n<tr>\n<th>Degr\u00e9s<\/th>\n<td>13% Vol.<\/td>\n<\/tr>\n<tr>\n<th>Temp\u00e9rature<\/th>\n<td>Servir \u00e0 une temp\u00e9rature de 8 a 10\u00baC<\/td>\n<\/tr>\n<tr>\n<th>Cata<\/th>\n<td>Ar\u00f4me vari\u00e9tal Ampurdan, avec des profils d&rsquo;agrumes, de larges nuances de fruits tropicaux et des notes lact\u00e9es. Soyeux en bouche, forte concentration d&rsquo;ar\u00f4mes et degr\u00e9 alcoolique \u00e9quilibr\u00e9.<\/td>\n<\/tr>\n<\/tbody>\n<\/table>\n<p><img decoding=\"async\" class=\"alignnone wp-image-899 size-full\" src=\"https:\/\/cellermpages.com\/wp-content\/uploads\/2021\/02\/icon_queso.png\" alt=\"\" width=\"40\" height=\"40\" \/> <img decoding=\"async\" class=\"alignnone wp-image-869 size-full\" src=\"https:\/\/cellermpages.com\/wp-content\/uploads\/2021\/02\/icon_arroz.png\" alt=\"\" width=\"40\" height=\"40\" \/> <img decoding=\"async\" class=\"alignnone wp-image-872 size-full\" src=\"https:\/\/cellermpages.com\/wp-content\/uploads\/2021\/02\/icon_ave.png\" alt=\"\" width=\"40\" height=\"40\" \/> <img loading=\"lazy\" decoding=\"async\" class=\"alignnone wp-image-902 size-full\" src=\"https:\/\/cellermpages.com\/wp-content\/uploads\/2021\/02\/icon_marisco.png\" alt=\"\" width=\"40\" height=\"40\" \/> <img loading=\"lazy\" decoding=\"async\" class=\"alignnone wp-image-896 size-full\" src=\"https:\/\/cellermpages.com\/wp-content\/uploads\/2021\/02\/icon_pescado.png\" alt=\"\" width=\"40\" height=\"40\" \/><\/p>\n","protected":false},"excerpt":{"rendered":"<p>Vin jeune mill\u00e9sime 2023.<\/p>\n","protected":false},"featured_media":1542,"comment_status":"open","ping_status":"closed","template":"","meta":[],"product_brand":[],"product_cat":[68],"product_tag":[72],"class_list":{"0":"post-1725","1":"product","2":"type-product","3":"status-publish","4":"has-post-thumbnail","6":"product_cat-jeune-vins","7":"product_tag-vin-blanc","9":"first","10":"instock","11":"featured","12":"shipping-taxable","13":"product-type-simple","14":"customify-col"},"_links":{"self":[{"href":"https:\/\/cellermpages.com\/fr\/wp-json\/wp\/v2\/product\/1725","targetHints":{"allow":["GET"]}}],"collection":[{"href":"https:\/\/cellermpages.com\/fr\/wp-json\/wp\/v2\/product"}],"about":[{"href":"https:\/\/cellermpages.com\/fr\/wp-json\/wp\/v2\/types\/product"}],"replies":[{"embeddable":true,"href":"https:\/\/cellermpages.com\/fr\/wp-json\/wp\/v2\/comments?post=1725"}],"wp:featuredmedia":[{"embeddable":true,"href":"https:\/\/cellermpages.com\/fr\/wp-json\/wp\/v2\/media\/1542"}],"wp:attachment":[{"href":"https:\/\/cellermpages.com\/fr\/wp-json\/wp\/v2\/media?parent=1725"}],"wp:term":[{"taxonomy":"product_brand","embeddable":true,"href":"https:\/\/cellermpages.com\/fr\/wp-json\/wp\/v2\/product_brand?post=1725"},{"taxonomy":"product_cat","embeddable":true,"href":"https:\/\/cellermpages.com\/fr\/wp-json\/wp\/v2\/product_cat?post=1725"},{"taxonomy":"product_tag","embeddable":true,"href":"https:\/\/cellermpages.com\/fr\/wp-json\/wp\/v2\/product_tag?post=1725"}],"curies":[{"name":"wp","href":"https:\/\/api.w.org\/{rel}","templated":true}]}}