{"id":1783,"date":"2023-03-30T13:09:12","date_gmt":"2023-03-30T13:09:12","guid":{"rendered":"https:\/\/cellermpages.com\/?post_type=product&#038;p=1783"},"modified":"2026-03-02T10:44:58","modified_gmt":"2026-03-02T10:44:58","slug":"senyor-de-les-pedres","status":"publish","type":"product","link":"https:\/\/cellermpages.com\/fr\/producte\/senyor-de-les-pedres\/","title":{"rendered":"Senyor de les pedres 2022"},"content":{"rendered":"<p>&nbsp;<\/p>\n<table class=\"table table-hover\">\n<tbody>\n<tr>\n<th>Vari\u00e9t\u00e9s<\/th>\n<td>Grenache Noir, Carignana, Cabernet Sauvignon et Cabernet Franc<\/td>\n<\/tr>\n<tr>\n<th>Degr\u00e9<\/th>\n<td>15\u00a0% Vol.<\/td>\n<\/tr>\n<tr>\n<th>Temp\u00e9rature<\/th>\n<td>Servir \u00e0 une temp\u00e9rature de 15 \u00e0 18\u00b0C<\/td>\n<\/tr>\n<tr>\n<th>D\u00e9gustation<\/th>\n<td>Cerise, frange brune. Ar\u00f4me de fruits sucr\u00e9s, Cacao et Chocolat. En bouche Intense, fruit\u00e9, grill\u00e9, tanins m\u00fbrs, large et \u00e9l\u00e9gant en bouche.<\/td>\n<\/tr>\n<\/tbody>\n<\/table>\n","protected":false},"excerpt":{"rendered":"<p>Vin rouge 12 mois en f\u00fbts: 50% f\u00fbts de ch\u00eane am\u00e9ricain et 50% de ch\u00eane fran\u00e7ais.<\/p>\n","protected":false},"featured_media":1828,"comment_status":"open","ping_status":"closed","template":"","meta":[],"product_brand":[],"product_cat":[66],"product_tag":[71,74],"class_list":{"0":"post-1783","1":"product","2":"type-product","3":"status-publish","4":"has-post-thumbnail","6":"product_cat-vins-en-boot","7":"product_tag-en-boot","8":"product_tag-vin-rouge","10":"first","11":"instock","12":"featured","13":"shipping-taxable","14":"product-type-simple","15":"customify-col"},"_links":{"self":[{"href":"https:\/\/cellermpages.com\/fr\/wp-json\/wp\/v2\/product\/1783","targetHints":{"allow":["GET"]}}],"collection":[{"href":"https:\/\/cellermpages.com\/fr\/wp-json\/wp\/v2\/product"}],"about":[{"href":"https:\/\/cellermpages.com\/fr\/wp-json\/wp\/v2\/types\/product"}],"replies":[{"embeddable":true,"href":"https:\/\/cellermpages.com\/fr\/wp-json\/wp\/v2\/comments?post=1783"}],"wp:featuredmedia":[{"embeddable":true,"href":"https:\/\/cellermpages.com\/fr\/wp-json\/wp\/v2\/media\/1828"}],"wp:attachment":[{"href":"https:\/\/cellermpages.com\/fr\/wp-json\/wp\/v2\/media?parent=1783"}],"wp:term":[{"taxonomy":"product_brand","embeddable":true,"href":"https:\/\/cellermpages.com\/fr\/wp-json\/wp\/v2\/product_brand?post=1783"},{"taxonomy":"product_cat","embeddable":true,"href":"https:\/\/cellermpages.com\/fr\/wp-json\/wp\/v2\/product_cat?post=1783"},{"taxonomy":"product_tag","embeddable":true,"href":"https:\/\/cellermpages.com\/fr\/wp-json\/wp\/v2\/product_tag?post=1783"}],"curies":[{"name":"wp","href":"https:\/\/api.w.org\/{rel}","templated":true}]}}